{"id":105,"date":"2020-10-07T07:59:03","date_gmt":"2020-10-07T07:59:03","guid":{"rendered":"https:\/\/www.centrodelogoterapiacr.org\/contact\/"},"modified":"2026-03-03T15:53:19","modified_gmt":"2026-03-03T21:53:19","slug":"contactanos","status":"publish","type":"page","link":"https:\/\/centrodelogoterapiacr.org\/en\/contactanos\/","title":{"rendered":"Cont\u00e1ctanos"},"content":{"rendered":"\t\t<div data-elementor-type=\"wp-page\" data-elementor-id=\"105\" class=\"elementor elementor-105\">\n\t\t\t\t\t\t<section class=\"elementor-section elementor-top-section elementor-element elementor-element-3fa830a ct-section-stretched elementor-section-boxed elementor-section-height-default elementor-section-height-default\" data-id=\"3fa830a\" data-element_type=\"section\" data-e-type=\"section\" data-settings=\"{&quot;background_background&quot;:&quot;classic&quot;}\">\n\t\t\t\t\t\t\t<div class=\"elementor-background-overlay\"><\/div>\n\t\t\t\t\t\t\t<div class=\"elementor-container elementor-column-gap-default\">\n\t\t\t\t\t<div class=\"elementor-column elementor-col-100 elementor-top-column elementor-element elementor-element-0e5d610\" data-id=\"0e5d610\" data-element_type=\"column\" data-e-type=\"column\">\n\t\t\t<div class=\"elementor-widget-wrap elementor-element-populated\">\n\t\t\t\t\t\t<div class=\"elementor-element elementor-element-06a3f49 elementor-widget elementor-widget-heading\" data-id=\"06a3f49\" data-element_type=\"widget\" data-e-type=\"widget\" data-widget_type=\"heading.default\">\n\t\t\t\t<div class=\"elementor-widget-container\">\n\t\t\t\t\t<h2 class=\"elementor-heading-title elementor-size-default\">Informaci\u00f3n de contacto<\/h2>\t\t\t\t<\/div>\n\t\t\t\t<\/div>\n\t\t\t\t\t<\/div>\n\t\t<\/div>\n\t\t\t\t\t<\/div>\n\t\t<\/section>\n\t\t\t\t<section class=\"elementor-section elementor-top-section elementor-element elementor-element-307a5b3 elementor-section-content-middle elementor-section-boxed elementor-section-height-default elementor-section-height-default\" data-id=\"307a5b3\" data-element_type=\"section\" data-e-type=\"section\">\n\t\t\t\t\t\t<div class=\"elementor-container elementor-column-gap-no\">\n\t\t\t\t\t<div class=\"elementor-column elementor-col-50 elementor-top-column elementor-element elementor-element-f9c51e8\" data-id=\"f9c51e8\" data-element_type=\"column\" data-e-type=\"column\">\n\t\t\t<div class=\"elementor-widget-wrap elementor-element-populated\">\n\t\t\t\t\t\t<div class=\"elementor-element elementor-element-edded24 elementor-widget elementor-widget-heading\" data-id=\"edded24\" data-element_type=\"widget\" data-e-type=\"widget\" data-widget_type=\"heading.default\">\n\t\t\t\t<div class=\"elementor-widget-container\">\n\t\t\t\t\t<h2 class=\"elementor-heading-title elementor-size-default\">Tienes alguna consulta?<\/h2>\t\t\t\t<\/div>\n\t\t\t\t<\/div>\n\t\t\t\t<div class=\"elementor-element elementor-element-1d92d61 elementor-widget elementor-widget-text-editor\" data-id=\"1d92d61\" data-element_type=\"widget\" data-e-type=\"widget\" data-widget_type=\"text-editor.default\">\n\t\t\t\t<div class=\"elementor-widget-container\">\n\t\t\t\t\t\t\t\t\t<p>Ponte en contacto con nosotros para cualquier consulta que desees. Utiliza nuestro contacto directo o llena\u00a0 el formulario con tu consulta.<\/p>\t\t\t\t\t\t\t\t<\/div>\n\t\t\t\t<\/div>\n\t\t\t\t<div class=\"elementor-element elementor-element-0663dbe elementor-widget elementor-widget-heading\" data-id=\"0663dbe\" data-element_type=\"widget\" data-e-type=\"widget\" data-widget_type=\"heading.default\">\n\t\t\t\t<div class=\"elementor-widget-container\">\n\t\t\t\t\t<h4 class=\"elementor-heading-title elementor-size-default\">Whatsapp:<\/h4>\t\t\t\t<\/div>\n\t\t\t\t<\/div>\n\t\t\t\t<div class=\"elementor-element elementor-element-d16ecd9 elementor-widget elementor-widget-heading\" data-id=\"d16ecd9\" data-element_type=\"widget\" data-e-type=\"widget\" data-widget_type=\"heading.default\">\n\t\t\t\t<div class=\"elementor-widget-container\">\n\t\t\t\t\t<div class=\"elementor-heading-title elementor-size-default\"><a href=\"http:\/\/wa.me\/50671896610\">(+506) 7189-6610\n<\/a><\/div>\t\t\t\t<\/div>\n\t\t\t\t<\/div>\n\t\t\t\t<div class=\"elementor-element elementor-element-99f33c9 elementor-widget elementor-widget-heading\" data-id=\"99f33c9\" data-element_type=\"widget\" data-e-type=\"widget\" data-widget_type=\"heading.default\">\n\t\t\t\t<div class=\"elementor-widget-container\">\n\t\t\t\t\t<h4 class=\"elementor-heading-title elementor-size-default\">Env\u00edanos un correo:<\/h4>\t\t\t\t<\/div>\n\t\t\t\t<\/div>\n\t\t\t\t<div class=\"elementor-element elementor-element-594de62 elementor-widget elementor-widget-heading\" data-id=\"594de62\" data-element_type=\"widget\" data-e-type=\"widget\" data-widget_type=\"heading.default\">\n\t\t\t\t<div class=\"elementor-widget-container\">\n\t\t\t\t\t<div class=\"elementor-heading-title elementor-size-default\"><a href=\"#\">info@centrodelogoterapiacr.org<\/a><\/div>\t\t\t\t<\/div>\n\t\t\t\t<\/div>\n\t\t\t\t<div class=\"elementor-element elementor-element-39b709f elementor-widget elementor-widget-heading\" data-id=\"39b709f\" data-element_type=\"widget\" data-e-type=\"widget\" data-widget_type=\"heading.default\">\n\t\t\t\t<div class=\"elementor-widget-container\">\n\t\t\t\t\t<h4 class=\"elementor-heading-title elementor-size-default\">Ubicaci\u00f3n:<\/h4>\t\t\t\t<\/div>\n\t\t\t\t<\/div>\n\t\t\t\t<div class=\"elementor-element elementor-element-fc2ccee elementor-widget elementor-widget-heading\" data-id=\"fc2ccee\" data-element_type=\"widget\" data-e-type=\"widget\" data-widget_type=\"heading.default\">\n\t\t\t\t<div class=\"elementor-widget-container\">\n\t\t\t\t\t<div class=\"elementor-heading-title elementor-size-default\"><a href=\"#\">San Jos\u00e9, Costa Rica<\/a><\/div>\t\t\t\t<\/div>\n\t\t\t\t<\/div>\n\t\t\t\t<div class=\"elementor-element elementor-element-d748bcc elementor-view-default elementor-widget elementor-widget-icon\" data-id=\"d748bcc\" data-element_type=\"widget\" data-e-type=\"widget\" data-widget_type=\"icon.default\">\n\t\t\t\t<div class=\"elementor-widget-container\">\n\t\t\t\t\t\t\t<div class=\"elementor-icon-wrapper\">\n\t\t\t<a class=\"elementor-icon\" href=\"http:\/\/wa.me\/50670509021\" target=\"_blank\">\n\t\t\t<i aria-hidden=\"true\" class=\"fab fa-whatsapp\"><\/i>\t\t\t<\/a>\n\t\t<\/div>\n\t\t\t\t\t\t<\/div>\n\t\t\t\t<\/div>\n\t\t\t\t\t<\/div>\n\t\t<\/div>\n\t\t\t\t<div class=\"elementor-column elementor-col-50 elementor-top-column elementor-element elementor-element-d56ca06\" data-id=\"d56ca06\" data-element_type=\"column\" data-e-type=\"column\">\n\t\t\t<div class=\"elementor-widget-wrap elementor-element-populated\">\n\t\t\t\t\t\t<div class=\"elementor-element elementor-element-e0ed6e3 elementor-widget elementor-widget-wpforms\" data-id=\"e0ed6e3\" data-element_type=\"widget\" data-e-type=\"widget\" data-widget_type=\"wpforms.default\">\n\t\t\t\t<div class=\"elementor-widget-container\">\n\t\t\t\t\t<div class=\"wpforms-container \" id=\"wpforms-26076\"><form id=\"wpforms-form-26076\" class=\"wpforms-validate wpforms-form wpforms-ajax-form\" data-formid=\"26076\" method=\"post\" enctype=\"multipart\/form-data\" action=\"\/en\/wp-json\/wp\/v2\/pages\/105\" data-token=\"52fd47ebf2df0ff9ba7eb2c400529c5f\" data-token-time=\"1776151666\"><noscript class=\"wpforms-error-noscript\">Please enable JavaScript in your browser to complete this form.<\/noscript><div class=\"wpforms-field-container\"><div id=\"wpforms-26076-field_0-container\" class=\"wpforms-field wpforms-field-name\" data-field-id=\"0\"><label class=\"wpforms-field-label\" for=\"wpforms-26076-field_0\">Nombre Completo <span class=\"wpforms-required-label\">*<\/span><\/label><input type=\"text\" id=\"wpforms-26076-field_0\" class=\"wpforms-field-large wpforms-field-required\" name=\"wpforms[fields][0]\" required><\/div><div id=\"wpforms-26076-field_1-container\" class=\"wpforms-field wpforms-field-email\" data-field-id=\"1\"><label class=\"wpforms-field-label\" for=\"wpforms-26076-field_1\">Correo <span class=\"wpforms-required-label\">*<\/span><\/label><input type=\"email\" id=\"wpforms-26076-field_1\" class=\"wpforms-field-large wpforms-field-required\" name=\"wpforms[fields][1]\" spellcheck=\"false\" required><\/div><div id=\"wpforms-26076-field_4-container\" class=\"wpforms-field wpforms-field-text\" data-field-id=\"4\"><label class=\"wpforms-field-label\" for=\"wpforms-26076-field_4\">N\u00famero de Tel\u00e9fono (con c\u00f3digo de pa\u00eds) <span class=\"wpforms-required-label\">*<\/span><\/label><input type=\"text\" id=\"wpforms-26076-field_4\" class=\"wpforms-field-large wpforms-field-required\" name=\"wpforms[fields][4]\" required><\/div><div id=\"wpforms-26076-field_6-container\" class=\"wpforms-field wpforms-field-text\" data-field-id=\"6\"><label class=\"wpforms-field-label\" for=\"wpforms-26076-field_6\">\u00bfCu\u00e1l curso es de tu inter\u00e9s? <span class=\"wpforms-required-label\">*<\/span><\/label><input type=\"text\" id=\"wpforms-26076-field_6\" class=\"wpforms-field-medium wpforms-field-required\" name=\"wpforms[fields][6]\" required><\/div><div id=\"wpforms-26076-field_2-container\" class=\"wpforms-field wpforms-field-textarea\" data-field-id=\"2\"><label class=\"wpforms-field-label\" for=\"wpforms-26076-field_2\">Escribe tu  consulta <span class=\"wpforms-required-label\">*<\/span><\/label><textarea id=\"wpforms-26076-field_2\" class=\"wpforms-field-medium wpforms-field-required\" name=\"wpforms[fields][2]\" required><\/textarea><\/div><\/div><!-- .wpforms-field-container --><div class=\"wpforms-recaptcha-container wpforms-is-recaptcha wpforms-is-recaptcha-type-invisible\" ><div class=\"g-recaptcha\" data-sitekey=\"6LduC6IgAAAAACsi8d2DnNHQhHHVoOyRC_3ZkVaD\" data-size=\"invisible\"><\/div><\/div><div class=\"wpforms-submit-container\" ><input type=\"hidden\" name=\"wpforms[id]\" value=\"26076\"><input type=\"hidden\" name=\"page_title\" value=\"\"><input type=\"hidden\" name=\"page_url\" value=\"https:\/\/centrodelogoterapiacr.org\/en\/wp-json\/wp\/v2\/pages\/105\"><input type=\"hidden\" name=\"url_referer\" value=\"\"><button type=\"submit\" name=\"wpforms[submit]\" id=\"wpforms-submit-26076\" class=\"wpforms-submit\" data-alt-text=\"Enviando...\" data-submit-text=\"Enviar\" aria-live=\"assertive\" value=\"wpforms-submit\">Enviar<\/button><img decoding=\"async\" src=\"https:\/\/centrodelogoterapiacr.org\/wp-content\/plugins\/wpforms-lite\/assets\/images\/submit-spin.svg\" class=\"wpforms-submit-spinner\" style=\"display: none;\" width=\"26\" height=\"26\" alt=\"Loading\"><\/div><\/form><\/div>  <!-- .wpforms-container -->\t\t\t\t<\/div>\n\t\t\t\t<\/div>\n\t\t\t\t<div class=\"elementor-element elementor-element-ff75a64 elementor-shape-circle e-grid-align-left elementor-grid-0 elementor-widget elementor-widget-social-icons\" data-id=\"ff75a64\" data-element_type=\"widget\" data-e-type=\"widget\" data-widget_type=\"social-icons.default\">\n\t\t\t\t<div class=\"elementor-widget-container\">\n\t\t\t\t\t\t\t<div class=\"elementor-social-icons-wrapper elementor-grid\" role=\"list\">\n\t\t\t\t\t\t\t<span class=\"elementor-grid-item\" role=\"listitem\">\n\t\t\t\t\t<a class=\"elementor-icon elementor-social-icon elementor-social-icon-whatsapp elementor-repeater-item-1c6cc83\" href=\"http:\/\/wa.me\/50670509021\" target=\"_blank\">\n\t\t\t\t\t\t<span class=\"elementor-screen-only\">Whatsapp<\/span>\n\t\t\t\t\t\t<i aria-hidden=\"true\" class=\"fab fa-whatsapp\"><\/i>\t\t\t\t\t<\/a>\n\t\t\t\t<\/span>\n\t\t\t\t\t\t\t<span class=\"elementor-grid-item\" role=\"listitem\">\n\t\t\t\t\t<a class=\"elementor-icon elementor-social-icon elementor-social-icon-instagram elementor-repeater-item-13d9b7b\" href=\"https:\/\/www.instagram.com\/centrodelogoterapiacr\/\" target=\"_blank\">\n\t\t\t\t\t\t<span class=\"elementor-screen-only\">Instagram<\/span>\n\t\t\t\t\t\t<i aria-hidden=\"true\" class=\"fab fa-instagram\"><\/i>\t\t\t\t\t<\/a>\n\t\t\t\t<\/span>\n\t\t\t\t\t\t\t<span class=\"elementor-grid-item\" role=\"listitem\">\n\t\t\t\t\t<a class=\"elementor-icon elementor-social-icon elementor-social-icon-facebook elementor-repeater-item-97c6937\" href=\"https:\/\/www.facebook.com\/centrologoterapiacr\" target=\"_blank\">\n\t\t\t\t\t\t<span class=\"elementor-screen-only\">Facebook<\/span>\n\t\t\t\t\t\t<i aria-hidden=\"true\" class=\"fab fa-facebook\"><\/i>\t\t\t\t\t<\/a>\n\t\t\t\t<\/span>\n\t\t\t\t\t\t\t<span class=\"elementor-grid-item\" role=\"listitem\">\n\t\t\t\t\t<a class=\"elementor-icon elementor-social-icon elementor-social-icon-twitter elementor-repeater-item-96eb0ed\" href=\"https:\/\/twitter.com\/LogoterapiaCR\" target=\"_blank\">\n\t\t\t\t\t\t<span class=\"elementor-screen-only\">Twitter<\/span>\n\t\t\t\t\t\t<i aria-hidden=\"true\" class=\"fab fa-twitter\"><\/i>\t\t\t\t\t<\/a>\n\t\t\t\t<\/span>\n\t\t\t\t\t<\/div>\n\t\t\t\t\t\t<\/div>\n\t\t\t\t<\/div>\n\t\t\t\t\t<\/div>\n\t\t<\/div>\n\t\t\t\t\t<\/div>\n\t\t<\/section>\n\t\t\t\t<\/div>\n\t\t","protected":false},"excerpt":{"rendered":"<p>Informaci\u00f3n de contacto Tienes alguna consulta? Ponte en contacto con nosotros para cualquier consulta que desees. Utiliza nuestro contacto directo o llena\u00a0 el formulario con tu consulta. Whatsapp: (+506) 7189-6610 [&hellip;]<\/p>\n","protected":false},"author":1,"featured_media":0,"parent":0,"menu_order":0,"comment_status":"closed","ping_status":"closed","template":"","meta":{"footnotes":""},"class_list":["post-105","page","type-page","status-publish","hentry"],"blocksy_meta":{"styles_descriptor":{"styles":{"desktop":"","tablet":"","mobile":""},"google_fonts":[],"version":6}},"yoast_head":"<!-- This site is optimized with the Yoast SEO plugin v27.1.1 - https:\/\/yoast.com\/product\/yoast-seo-wordpress\/ -->\n<title>Cont\u00e1ctanos<\/title>\n<meta name=\"robots\" content=\"index, follow, max-snippet:-1, max-image-preview:large, max-video-preview:-1\" \/>\n<link rel=\"canonical\" href=\"https:\/\/centrodelogoterapiacr.org\/en\/contactanos\/\" \/>\n<meta property=\"og:locale\" content=\"en_US\" \/>\n<meta property=\"og:type\" content=\"article\" \/>\n<meta property=\"og:title\" content=\"Cont\u00e1ctanos\" \/>\n<meta property=\"og:description\" content=\"Informaci\u00f3n de contacto Tienes alguna consulta? Ponte en contacto con nosotros para cualquier consulta que desees. Utiliza nuestro contacto directo o llena\u00a0 el formulario con tu consulta. Whatsapp: (+506) 7189-6610 [&hellip;]\" \/>\n<meta property=\"og:url\" content=\"https:\/\/centrodelogoterapiacr.org\/en\/contactanos\/\" \/>\n<meta property=\"og:site_name\" content=\"Centro Costarricense de Logoterapia\" \/>\n<meta property=\"article:modified_time\" content=\"2026-03-03T21:53:19+00:00\" \/>\n<meta property=\"og:image\" content=\"https:\/\/centrodelogoterapiacr.org\/wp-content\/plugins\/wpforms-lite\/assets\/images\/submit-spin.svg\" \/>\n<meta name=\"twitter:card\" content=\"summary_large_image\" \/>\n<meta name=\"twitter:label1\" content=\"Est. reading time\" \/>\n\t<meta name=\"twitter:data1\" content=\"1 minute\" \/>\n<script type=\"application\/ld+json\" class=\"yoast-schema-graph\">{\"@context\":\"https:\/\/schema.org\",\"@graph\":[{\"@type\":\"WebPage\",\"@id\":\"https:\/\/centrodelogoterapiacr.org\/contactanos\/\",\"url\":\"https:\/\/centrodelogoterapiacr.org\/contactanos\/\",\"name\":\"Cont\u00e1ctanos\",\"isPartOf\":{\"@id\":\"https:\/\/centrodelogoterapiacr.org\/#website\"},\"primaryImageOfPage\":{\"@id\":\"https:\/\/centrodelogoterapiacr.org\/contactanos\/#primaryimage\"},\"image\":{\"@id\":\"https:\/\/centrodelogoterapiacr.org\/contactanos\/#primaryimage\"},\"thumbnailUrl\":\"https:\/\/centrodelogoterapiacr.org\/wp-content\/plugins\/wpforms-lite\/assets\/images\/submit-spin.svg\",\"datePublished\":\"2020-10-07T07:59:03+00:00\",\"dateModified\":\"2026-03-03T21:53:19+00:00\",\"breadcrumb\":{\"@id\":\"https:\/\/centrodelogoterapiacr.org\/contactanos\/#breadcrumb\"},\"inLanguage\":\"en-US\",\"potentialAction\":[{\"@type\":\"ReadAction\",\"target\":[\"https:\/\/centrodelogoterapiacr.org\/contactanos\/\"]}]},{\"@type\":\"ImageObject\",\"inLanguage\":\"en-US\",\"@id\":\"https:\/\/centrodelogoterapiacr.org\/contactanos\/#primaryimage\",\"url\":\"https:\/\/centrodelogoterapiacr.org\/wp-content\/plugins\/wpforms-lite\/assets\/images\/submit-spin.svg\",\"contentUrl\":\"https:\/\/centrodelogoterapiacr.org\/wp-content\/plugins\/wpforms-lite\/assets\/images\/submit-spin.svg\"},{\"@type\":\"BreadcrumbList\",\"@id\":\"https:\/\/centrodelogoterapiacr.org\/contactanos\/#breadcrumb\",\"itemListElement\":[{\"@type\":\"ListItem\",\"position\":1,\"name\":\"Portada\",\"item\":\"https:\/\/centrodelogoterapiacr.org\/\"},{\"@type\":\"ListItem\",\"position\":2,\"name\":\"Cont\u00e1ctanos\"}]},{\"@type\":\"WebSite\",\"@id\":\"https:\/\/centrodelogoterapiacr.org\/#website\",\"url\":\"https:\/\/centrodelogoterapiacr.org\/\",\"name\":\"Centro Costarricense de Logoterapia\",\"description\":\"\",\"publisher\":{\"@id\":\"https:\/\/centrodelogoterapiacr.org\/#organization\"},\"potentialAction\":[{\"@type\":\"SearchAction\",\"target\":{\"@type\":\"EntryPoint\",\"urlTemplate\":\"https:\/\/centrodelogoterapiacr.org\/?s={search_term_string}\"},\"query-input\":{\"@type\":\"PropertyValueSpecification\",\"valueRequired\":true,\"valueName\":\"search_term_string\"}}],\"inLanguage\":\"en-US\"},{\"@type\":\"Organization\",\"@id\":\"https:\/\/centrodelogoterapiacr.org\/#organization\",\"name\":\"Centro Costarricense de Logoterapia\",\"url\":\"https:\/\/centrodelogoterapiacr.org\/\",\"logo\":{\"@type\":\"ImageObject\",\"inLanguage\":\"en-US\",\"@id\":\"https:\/\/centrodelogoterapiacr.org\/#\/schema\/logo\/image\/\",\"url\":\"https:\/\/centrodelogoterapiacr.org\/wp-content\/uploads\/2021\/05\/Logo-color.png\",\"contentUrl\":\"https:\/\/centrodelogoterapiacr.org\/wp-content\/uploads\/2021\/05\/Logo-color.png\",\"width\":1080,\"height\":458,\"caption\":\"Centro Costarricense de Logoterapia\"},\"image\":{\"@id\":\"https:\/\/centrodelogoterapiacr.org\/#\/schema\/logo\/image\/\"}}]}<\/script>\n<!-- \/ Yoast SEO plugin. -->","yoast_head_json":{"title":"Cont\u00e1ctanos","robots":{"index":"index","follow":"follow","max-snippet":"max-snippet:-1","max-image-preview":"max-image-preview:large","max-video-preview":"max-video-preview:-1"},"canonical":"https:\/\/centrodelogoterapiacr.org\/en\/contactanos\/","og_locale":"en_US","og_type":"article","og_title":"Cont\u00e1ctanos","og_description":"Informaci\u00f3n de contacto Tienes alguna consulta? Ponte en contacto con nosotros para cualquier consulta que desees. Utiliza nuestro contacto directo o llena\u00a0 el formulario con tu consulta. Whatsapp: (+506) 7189-6610 [&hellip;]","og_url":"https:\/\/centrodelogoterapiacr.org\/en\/contactanos\/","og_site_name":"Centro Costarricense de Logoterapia","article_modified_time":"2026-03-03T21:53:19+00:00","og_image":[{"url":"https:\/\/centrodelogoterapiacr.org\/wp-content\/plugins\/wpforms-lite\/assets\/images\/submit-spin.svg","type":"","width":"","height":""}],"twitter_card":"summary_large_image","twitter_misc":{"Est. reading time":"1 minute"},"schema":{"@context":"https:\/\/schema.org","@graph":[{"@type":"WebPage","@id":"https:\/\/centrodelogoterapiacr.org\/contactanos\/","url":"https:\/\/centrodelogoterapiacr.org\/contactanos\/","name":"Cont\u00e1ctanos","isPartOf":{"@id":"https:\/\/centrodelogoterapiacr.org\/#website"},"primaryImageOfPage":{"@id":"https:\/\/centrodelogoterapiacr.org\/contactanos\/#primaryimage"},"image":{"@id":"https:\/\/centrodelogoterapiacr.org\/contactanos\/#primaryimage"},"thumbnailUrl":"https:\/\/centrodelogoterapiacr.org\/wp-content\/plugins\/wpforms-lite\/assets\/images\/submit-spin.svg","datePublished":"2020-10-07T07:59:03+00:00","dateModified":"2026-03-03T21:53:19+00:00","breadcrumb":{"@id":"https:\/\/centrodelogoterapiacr.org\/contactanos\/#breadcrumb"},"inLanguage":"en-US","potentialAction":[{"@type":"ReadAction","target":["https:\/\/centrodelogoterapiacr.org\/contactanos\/"]}]},{"@type":"ImageObject","inLanguage":"en-US","@id":"https:\/\/centrodelogoterapiacr.org\/contactanos\/#primaryimage","url":"https:\/\/centrodelogoterapiacr.org\/wp-content\/plugins\/wpforms-lite\/assets\/images\/submit-spin.svg","contentUrl":"https:\/\/centrodelogoterapiacr.org\/wp-content\/plugins\/wpforms-lite\/assets\/images\/submit-spin.svg"},{"@type":"BreadcrumbList","@id":"https:\/\/centrodelogoterapiacr.org\/contactanos\/#breadcrumb","itemListElement":[{"@type":"ListItem","position":1,"name":"Portada","item":"https:\/\/centrodelogoterapiacr.org\/"},{"@type":"ListItem","position":2,"name":"Cont\u00e1ctanos"}]},{"@type":"WebSite","@id":"https:\/\/centrodelogoterapiacr.org\/#website","url":"https:\/\/centrodelogoterapiacr.org\/","name":"Centro Costarricense de Logoterapia","description":"","publisher":{"@id":"https:\/\/centrodelogoterapiacr.org\/#organization"},"potentialAction":[{"@type":"SearchAction","target":{"@type":"EntryPoint","urlTemplate":"https:\/\/centrodelogoterapiacr.org\/?s={search_term_string}"},"query-input":{"@type":"PropertyValueSpecification","valueRequired":true,"valueName":"search_term_string"}}],"inLanguage":"en-US"},{"@type":"Organization","@id":"https:\/\/centrodelogoterapiacr.org\/#organization","name":"Centro Costarricense de Logoterapia","url":"https:\/\/centrodelogoterapiacr.org\/","logo":{"@type":"ImageObject","inLanguage":"en-US","@id":"https:\/\/centrodelogoterapiacr.org\/#\/schema\/logo\/image\/","url":"https:\/\/centrodelogoterapiacr.org\/wp-content\/uploads\/2021\/05\/Logo-color.png","contentUrl":"https:\/\/centrodelogoterapiacr.org\/wp-content\/uploads\/2021\/05\/Logo-color.png","width":1080,"height":458,"caption":"Centro Costarricense de Logoterapia"},"image":{"@id":"https:\/\/centrodelogoterapiacr.org\/#\/schema\/logo\/image\/"}}]}},"_links":{"self":[{"href":"https:\/\/centrodelogoterapiacr.org\/en\/wp-json\/wp\/v2\/pages\/105","targetHints":{"allow":["GET"]}}],"collection":[{"href":"https:\/\/centrodelogoterapiacr.org\/en\/wp-json\/wp\/v2\/pages"}],"about":[{"href":"https:\/\/centrodelogoterapiacr.org\/en\/wp-json\/wp\/v2\/types\/page"}],"author":[{"embeddable":true,"href":"https:\/\/centrodelogoterapiacr.org\/en\/wp-json\/wp\/v2\/users\/1"}],"replies":[{"embeddable":true,"href":"https:\/\/centrodelogoterapiacr.org\/en\/wp-json\/wp\/v2\/comments?post=105"}],"version-history":[{"count":5,"href":"https:\/\/centrodelogoterapiacr.org\/en\/wp-json\/wp\/v2\/pages\/105\/revisions"}],"predecessor-version":[{"id":31866,"href":"https:\/\/centrodelogoterapiacr.org\/en\/wp-json\/wp\/v2\/pages\/105\/revisions\/31866"}],"wp:attachment":[{"href":"https:\/\/centrodelogoterapiacr.org\/en\/wp-json\/wp\/v2\/media?parent=105"}],"curies":[{"name":"wp","href":"https:\/\/api.w.org\/{rel}","templated":true}]}}