{"id":24964,"date":"2021-11-11T20:24:38","date_gmt":"2021-11-11T20:24:38","guid":{"rendered":"https:\/\/www.centrodelogoterapiacr.org\/?page_id=24964"},"modified":"2024-08-01T06:00:52","modified_gmt":"2024-08-01T06:00:52","slug":"historia-del-centro","status":"publish","type":"page","link":"https:\/\/centrodelogoterapiacr.org\/en\/historia-del-centro\/","title":{"rendered":"Our History"},"content":{"rendered":"<div data-elementor-type=\"wp-page\" data-elementor-id=\"24964\" class=\"elementor elementor-24964\">\n\t\t\t\t\t\t<section class=\"elementor-section elementor-top-section elementor-element elementor-element-900ab6d elementor-section-boxed elementor-section-height-default elementor-section-height-default\" data-id=\"900ab6d\" data-element_type=\"section\" data-e-type=\"section\">\n\t\t\t\t\t\t<div class=\"elementor-container elementor-column-gap-default\">\n\t\t\t\t\t<div class=\"elementor-column elementor-col-100 elementor-top-column elementor-element elementor-element-aa7914c\" data-id=\"aa7914c\" data-element_type=\"column\" data-e-type=\"column\">\n\t\t\t<div class=\"elementor-widget-wrap elementor-element-populated\">\n\t\t\t\t\t\t<div class=\"elementor-element elementor-element-c763eff elementor-widget elementor-widget-spacer\" data-id=\"c763eff\" data-element_type=\"widget\" data-e-type=\"widget\" data-widget_type=\"spacer.default\">\n\t\t\t\t<div class=\"elementor-widget-container\">\n\t\t\t\t\t\t\t<div class=\"elementor-spacer\">\n\t\t\t<div class=\"elementor-spacer-inner\"><\/div>\n\t\t<\/div>\n\t\t\t\t\t\t<\/div>\n\t\t\t\t<\/div>\n\t\t\t\t\t<\/div>\n\t\t<\/div>\n\t\t\t\t\t<\/div>\n\t\t<\/section>\n\t\t\t\t<section class=\"elementor-section elementor-top-section elementor-element elementor-element-10fb878 elementor-section-boxed elementor-section-height-default elementor-section-height-default\" data-id=\"10fb878\" data-element_type=\"section\" data-e-type=\"section\">\n\t\t\t\t\t\t<div class=\"elementor-container elementor-column-gap-default\">\n\t\t\t\t\t<div class=\"elementor-column elementor-col-100 elementor-top-column elementor-element elementor-element-a408bf7\" data-id=\"a408bf7\" data-element_type=\"column\" data-e-type=\"column\">\n\t\t\t<div class=\"elementor-widget-wrap elementor-element-populated\">\n\t\t\t\t\t\t<div class=\"elementor-element elementor-element-5af053d elementor-widget elementor-widget-heading\" data-id=\"5af053d\" data-element_type=\"widget\" data-e-type=\"widget\" data-widget_type=\"heading.default\">\n\t\t\t\t<div class=\"elementor-widget-container\">\n\t\t\t\t\t<h1 class=\"elementor-heading-title elementor-size-default\">History of the Logotherapy Costa Rican Center and Existential Analysis: Viktor Frankl<\/h1>\t\t\t\t<\/div>\n\t\t\t\t<\/div>\n\t\t\t\t\t<\/div>\n\t\t<\/div>\n\t\t\t\t\t<\/div>\n\t\t<\/section>\n\t\t\t\t<section class=\"elementor-section elementor-top-section elementor-element elementor-element-283e7ef elementor-section-boxed elementor-section-height-default elementor-section-height-default\" data-id=\"283e7ef\" data-element_type=\"section\" data-e-type=\"section\">\n\t\t\t\t\t\t<div class=\"elementor-container elementor-column-gap-default\">\n\t\t\t\t\t<div class=\"elementor-column elementor-col-100 elementor-top-column elementor-element elementor-element-604558a\" data-id=\"604558a\" data-element_type=\"column\" data-e-type=\"column\">\n\t\t\t<div class=\"elementor-widget-wrap elementor-element-populated\">\n\t\t\t\t\t\t<div class=\"elementor-element elementor-element-fb3ecf6 elementor-widget elementor-widget-spacer\" data-id=\"fb3ecf6\" data-element_type=\"widget\" data-e-type=\"widget\" data-widget_type=\"spacer.default\">\n\t\t\t\t<div class=\"elementor-widget-container\">\n\t\t\t\t\t\t\t<div class=\"elementor-spacer\">\n\t\t\t<div class=\"elementor-spacer-inner\"><\/div>\n\t\t<\/div>\n\t\t\t\t\t\t<\/div>\n\t\t\t\t<\/div>\n\t\t\t\t\t<\/div>\n\t\t<\/div>\n\t\t\t\t\t<\/div>\n\t\t<\/section>\n\t\t\t\t<section class=\"elementor-section elementor-top-section elementor-element elementor-element-9450d5f elementor-section-boxed elementor-section-height-default elementor-section-height-default\" data-id=\"9450d5f\" data-element_type=\"section\" data-e-type=\"section\">\n\t\t\t\t\t\t<div class=\"elementor-container elementor-column-gap-default\">\n\t\t\t\t\t<div class=\"elementor-column elementor-col-50 elementor-top-column elementor-element elementor-element-1366ec8\" data-id=\"1366ec8\" data-element_type=\"column\" data-e-type=\"column\">\n\t\t\t<div class=\"elementor-widget-wrap elementor-element-populated\">\n\t\t\t\t\t\t<div class=\"elementor-element elementor-element-ac4b809 elementor-widget elementor-widget-heading\" data-id=\"ac4b809\" data-element_type=\"widget\" data-e-type=\"widget\" data-widget_type=\"heading.default\">\n\t\t\t\t<div class=\"elementor-widget-container\">\n\t\t\t\t\t<h2 class=\"elementor-heading-title elementor-size-default\">Dedication<\/h2>\t\t\t\t<\/div>\n\t\t\t\t<\/div>\n\t\t\t\t<div class=\"elementor-element elementor-element-9dc6570 elementor-widget elementor-widget-text-editor\" data-id=\"9dc6570\" data-element_type=\"widget\" data-e-type=\"widget\" data-widget_type=\"text-editor.default\">\n\t\t\t\t<div class=\"elementor-widget-container\">\n\t\t\t\t\t\t\t\t\t<p><strong>Hoy hace 10 a\u00f1os, parti\u00f3 de esta vida nuestra querida Mar\u00eda Mercedes, a quien hemos dedicado esta organizaci\u00f3n. Es el legado de su amor y esencia, los cuales permanecen en las personas que la conocieron y que nos une a todos con las cuerdas de amor que Dios teji\u00f3 a trav\u00e9s de ella. Hoy estamos honradas y honrados de compartir este hermoso mensaje por parte de su familia.\u00a0<\/strong><\/p>\n<p><strong>His desire to be with other people to serve, are part of its essence, we caress and embraces.\u00a0\u00a0<br \/><\/strong><\/p>\n<p><strong>\u00a1Te recordaremos siempre, un abrazo\u00a0<\/strong><strong>hasta el cielo!<\/strong><\/p>\t\t\t\t\t\t\t\t<\/div>\n\t\t\t\t<\/div>\n\t\t\t\t\t<\/div>\n\t\t<\/div>\n\t\t\t\t<div class=\"elementor-column elementor-col-50 elementor-top-column elementor-element elementor-element-2276bb4\" data-id=\"2276bb4\" data-element_type=\"column\" data-e-type=\"column\">\n\t\t\t<div class=\"elementor-widget-wrap elementor-element-populated\">\n\t\t\t\t\t\t<div class=\"elementor-element elementor-element-231355a elementor-widget elementor-widget-video\" data-id=\"231355a\" data-element_type=\"widget\" data-e-type=\"widget\" data-settings=\"{&quot;video_type&quot;:&quot;hosted&quot;,&quot;autoplay&quot;:&quot;yes&quot;,&quot;controls&quot;:&quot;yes&quot;}\" data-widget_type=\"video.default\">\n\t\t\t\t<div class=\"elementor-widget-container\">\n\t\t\t\t\t\t\t<div class=\"e-hosted-video elementor-wrapper elementor-open-inline\">\n\t\t\t\t\t<video class=\"elementor-video\" src=\"https:\/\/centrodelogoterapiacr.org\/wp-content\/uploads\/2024\/06\/Maria-Mercedes.mp4\" autoplay=\"\" controls=\"\" controlslist=\"nodownload\"><\/video>\n\t\t\t\t<\/div>\n\t\t\t\t\t\t<\/div>\n\t\t\t\t<\/div>\n\t\t\t\t\t<\/div>\n\t\t<\/div>\n\t\t\t\t\t<\/div>\n\t\t<\/section>\n\t\t\t\t<section class=\"elementor-section elementor-top-section elementor-element elementor-element-5f95500 elementor-section-boxed elementor-section-height-default elementor-section-height-default\" data-id=\"5f95500\" data-element_type=\"section\" data-e-type=\"section\">\n\t\t\t\t\t\t<div class=\"elementor-container elementor-column-gap-default\">\n\t\t\t\t\t<div class=\"elementor-column elementor-col-50 elementor-top-column elementor-element elementor-element-bd8f732\" data-id=\"bd8f732\" data-element_type=\"column\" data-e-type=\"column\">\n\t\t\t<div class=\"elementor-widget-wrap elementor-element-populated\">\n\t\t\t\t\t\t<div class=\"elementor-element elementor-element-61074d75 elementor-widget elementor-widget-text-editor\" data-id=\"61074d75\" data-element_type=\"widget\" data-e-type=\"widget\" data-widget_type=\"text-editor.default\">\n\t\t\t\t<div class=\"elementor-widget-container\">\n\t\t\t\t\t\t\t\t\t\n<p>The Costa Rican Center of Logotherapy and Existential Analysis: Viktor Frankl, was born in 2015 from a painful situation, which confirms what has been stated by the\u00a0<a href=\"https:\/\/centrodelogoterapiacr.org\/en\/viktor-frankl\/\" target=\"_blank\" rel=\"noreferrer noopener\">Dr. VIktor Frankl<\/a>: \u201cWhen we are no longer able to change a situation, we are challenged to change ourselves.\u201d<\/p>\n\n<p>We could not change the fact that\u00a0<strong>Maria Mercedes\u00a0<\/strong>he was no longer physically with us, the pain was indescribable and the void that it left his game to be irreparable.<\/p>\n\n<p>But as well as expressed their mom and dad, your legacy of love and hope and help to people when they graduate in the Medical career, let our pain be transformed and transcended to the service and support people who are experiencing extreme situations, especially duels of any kind.<\/p>\n\n<p>Mar\u00eda Mercedes was our inspiration of love and transcendence giving meaning to our pain.<\/p>\n\n<p>The costa Rican Center of Logotherapy and Existential Analysis: Viktor Frankl power of the conscience and sense values, which allow people to be recognized as capable of responding to life, from those resources that are not known to possess.<\/p>\n\n<p>The\u00a0<a href=\"https:\/\/centrodelogoterapiacr.org\/en\/que-es-la-logoterapia\/\" target=\"_blank\" rel=\"noreferrer noopener\">Logotherapy and Existential Analysis<\/a>\u00a0serves that purpose: to make conscious the unconscious, to discover the meaning of life in every situation is experienced, in each life stage, in the here and the now. Focuses on the meaning of human existence, as well as in the pursuit of that meaning on the part of the person.<\/p>\n\n<p>We believe that the human being is capable of and create new circumstances, discovering the meaning of life... and in life.<\/p>\n\t\t\t\t\t\t\t\t<\/div>\n\t\t\t\t<\/div>\n\t\t\t\t\t<\/div>\n\t\t<\/div>\n\t\t\t\t<div class=\"elementor-column elementor-col-50 elementor-top-column elementor-element elementor-element-d07d557\" data-id=\"d07d557\" data-element_type=\"column\" data-e-type=\"column\">\n\t\t\t<div class=\"elementor-widget-wrap elementor-element-populated\">\n\t\t\t\t\t\t<div class=\"elementor-element elementor-element-15bef80 elementor-widget elementor-widget-image\" data-id=\"15bef80\" data-element_type=\"widget\" data-e-type=\"widget\" data-widget_type=\"image.default\">\n\t\t\t\t<div class=\"elementor-widget-container\">\n\t\t\t\t\t\t\t\t\t\t\t\t\t\t\t<img fetchpriority=\"high\" decoding=\"async\" width=\"461\" height=\"653\" src=\"https:\/\/centrodelogoterapiacr.org\/wp-content\/uploads\/2021\/11\/Maria-Mercedes.webp\" class=\"attachment-large size-large wp-image-24967\" alt=\"\" srcset=\"https:\/\/centrodelogoterapiacr.org\/wp-content\/uploads\/2021\/11\/Maria-Mercedes.webp 461w, https:\/\/centrodelogoterapiacr.org\/wp-content\/uploads\/2021\/11\/Maria-Mercedes-212x300.webp 212w\" sizes=\"(max-width: 461px) 100vw, 461px\" \/>\t\t\t\t\t\t\t\t\t\t\t\t\t\t\t<\/div>\n\t\t\t\t<\/div>\n\t\t\t\t\t<\/div>\n\t\t<\/div>\n\t\t\t\t\t<\/div>\n\t\t<\/section>\n\t\t\t\t<section class=\"elementor-section elementor-top-section elementor-element elementor-element-6bd090b4 elementor-section-boxed elementor-section-height-default elementor-section-height-default\" data-id=\"6bd090b4\" data-element_type=\"section\" data-e-type=\"section\">\n\t\t\t\t\t\t<div class=\"elementor-container elementor-column-gap-default\">\n\t\t\t\t\t<div class=\"elementor-column elementor-col-100 elementor-top-column elementor-element elementor-element-17edccae\" data-id=\"17edccae\" data-element_type=\"column\" data-e-type=\"column\">\n\t\t\t<div class=\"elementor-widget-wrap\">\n\t\t\t\t\t\t\t<\/div>\n\t\t<\/div>\n\t\t\t\t\t<\/div>\n\t\t<\/section>\n\t\t\t\t<\/div>","protected":false},"excerpt":{"rendered":"<p>Historia del Centro Costarricense de Logoterapia y An\u00e1lisis Existencial: Viktor Frankl Dedicatoria Hoy hace 10 a\u00f1os, parti\u00f3 de esta vida nuestra querida Mar\u00eda Mercedes, a quien hemos dedicado esta organizaci\u00f3n. [&hellip;]<\/p>\n","protected":false},"author":1,"featured_media":0,"parent":0,"menu_order":0,"comment_status":"closed","ping_status":"closed","template":"","meta":{"footnotes":""},"class_list":["post-24964","page","type-page","status-publish","hentry"],"blocksy_meta":{"styles_descriptor":{"styles":{"desktop":"","tablet":"","mobile":""},"google_fonts":[],"version":6}},"yoast_head":"<!-- This site is optimized with the Yoast SEO plugin v27.1.1 - https:\/\/yoast.com\/product\/yoast-seo-wordpress\/ -->\n<title>Historia del Centro<\/title>\n<meta name=\"robots\" content=\"index, follow, max-snippet:-1, max-image-preview:large, max-video-preview:-1\" \/>\n<link rel=\"canonical\" href=\"https:\/\/centrodelogoterapiacr.org\/en\/historia-del-centro\/\" \/>\n<meta property=\"og:locale\" content=\"en_US\" \/>\n<meta property=\"og:type\" content=\"article\" \/>\n<meta property=\"og:title\" content=\"Historia del Centro\" \/>\n<meta property=\"og:description\" content=\"Historia del Centro Costarricense de Logoterapia y An\u00e1lisis Existencial: Viktor Frankl Dedicatoria Hoy hace 10 a\u00f1os, parti\u00f3 de esta vida nuestra querida Mar\u00eda Mercedes, a quien hemos dedicado esta organizaci\u00f3n. [&hellip;]\" \/>\n<meta property=\"og:url\" content=\"https:\/\/centrodelogoterapiacr.org\/en\/historia-del-centro\/\" \/>\n<meta property=\"og:site_name\" content=\"Centro Costarricense de Logoterapia\" \/>\n<meta property=\"article:modified_time\" content=\"2024-08-01T06:00:52+00:00\" \/>\n<meta property=\"og:image\" content=\"https:\/\/centrodelogoterapiacr.org\/wp-content\/uploads\/2021\/11\/Maria-Mercedes.webp\" \/>\n<meta name=\"twitter:card\" content=\"summary_large_image\" \/>\n<meta name=\"twitter:label1\" content=\"Est. reading time\" \/>\n\t<meta name=\"twitter:data1\" content=\"2 minutes\" \/>\n<script type=\"application\/ld+json\" class=\"yoast-schema-graph\">{\"@context\":\"https:\/\/schema.org\",\"@graph\":[{\"@type\":\"WebPage\",\"@id\":\"https:\/\/centrodelogoterapiacr.org\/historia-del-centro\/\",\"url\":\"https:\/\/centrodelogoterapiacr.org\/historia-del-centro\/\",\"name\":\"Historia del Centro\",\"isPartOf\":{\"@id\":\"https:\/\/centrodelogoterapiacr.org\/#website\"},\"primaryImageOfPage\":{\"@id\":\"https:\/\/centrodelogoterapiacr.org\/historia-del-centro\/#primaryimage\"},\"image\":{\"@id\":\"https:\/\/centrodelogoterapiacr.org\/historia-del-centro\/#primaryimage\"},\"thumbnailUrl\":\"https:\/\/centrodelogoterapiacr.org\/wp-content\/uploads\/2021\/11\/Maria-Mercedes.webp\",\"datePublished\":\"2021-11-11T20:24:38+00:00\",\"dateModified\":\"2024-08-01T06:00:52+00:00\",\"breadcrumb\":{\"@id\":\"https:\/\/centrodelogoterapiacr.org\/historia-del-centro\/#breadcrumb\"},\"inLanguage\":\"en-US\",\"potentialAction\":[{\"@type\":\"ReadAction\",\"target\":[\"https:\/\/centrodelogoterapiacr.org\/historia-del-centro\/\"]}]},{\"@type\":\"ImageObject\",\"inLanguage\":\"en-US\",\"@id\":\"https:\/\/centrodelogoterapiacr.org\/historia-del-centro\/#primaryimage\",\"url\":\"https:\/\/centrodelogoterapiacr.org\/wp-content\/uploads\/2021\/11\/Maria-Mercedes.webp\",\"contentUrl\":\"https:\/\/centrodelogoterapiacr.org\/wp-content\/uploads\/2021\/11\/Maria-Mercedes.webp\"},{\"@type\":\"BreadcrumbList\",\"@id\":\"https:\/\/centrodelogoterapiacr.org\/historia-del-centro\/#breadcrumb\",\"itemListElement\":[{\"@type\":\"ListItem\",\"position\":1,\"name\":\"Portada\",\"item\":\"https:\/\/centrodelogoterapiacr.org\/\"},{\"@type\":\"ListItem\",\"position\":2,\"name\":\"Historia del Centro\"}]},{\"@type\":\"WebSite\",\"@id\":\"https:\/\/centrodelogoterapiacr.org\/#website\",\"url\":\"https:\/\/centrodelogoterapiacr.org\/\",\"name\":\"Centro Costarricense de Logoterapia\",\"description\":\"\",\"publisher\":{\"@id\":\"https:\/\/centrodelogoterapiacr.org\/#organization\"},\"potentialAction\":[{\"@type\":\"SearchAction\",\"target\":{\"@type\":\"EntryPoint\",\"urlTemplate\":\"https:\/\/centrodelogoterapiacr.org\/?s={search_term_string}\"},\"query-input\":{\"@type\":\"PropertyValueSpecification\",\"valueRequired\":true,\"valueName\":\"search_term_string\"}}],\"inLanguage\":\"en-US\"},{\"@type\":\"Organization\",\"@id\":\"https:\/\/centrodelogoterapiacr.org\/#organization\",\"name\":\"Centro Costarricense de Logoterapia\",\"url\":\"https:\/\/centrodelogoterapiacr.org\/\",\"logo\":{\"@type\":\"ImageObject\",\"inLanguage\":\"en-US\",\"@id\":\"https:\/\/centrodelogoterapiacr.org\/#\/schema\/logo\/image\/\",\"url\":\"https:\/\/centrodelogoterapiacr.org\/wp-content\/uploads\/2021\/05\/Logo-color.png\",\"contentUrl\":\"https:\/\/centrodelogoterapiacr.org\/wp-content\/uploads\/2021\/05\/Logo-color.png\",\"width\":1080,\"height\":458,\"caption\":\"Centro Costarricense de Logoterapia\"},\"image\":{\"@id\":\"https:\/\/centrodelogoterapiacr.org\/#\/schema\/logo\/image\/\"}}]}<\/script>\n<!-- \/ Yoast SEO plugin. -->","yoast_head_json":{"title":"Our History","robots":{"index":"index","follow":"follow","max-snippet":"max-snippet:-1","max-image-preview":"max-image-preview:large","max-video-preview":"max-video-preview:-1"},"canonical":"https:\/\/centrodelogoterapiacr.org\/en\/historia-del-centro\/","og_locale":"en_US","og_type":"article","og_title":"Historia del Centro","og_description":"Historia del Centro Costarricense de Logoterapia y An\u00e1lisis Existencial: Viktor Frankl Dedicatoria Hoy hace 10 a\u00f1os, parti\u00f3 de esta vida nuestra querida Mar\u00eda Mercedes, a quien hemos dedicado esta organizaci\u00f3n. [&hellip;]","og_url":"https:\/\/centrodelogoterapiacr.org\/en\/historia-del-centro\/","og_site_name":"Centro Costarricense de Logoterapia","article_modified_time":"2024-08-01T06:00:52+00:00","og_image":[{"url":"https:\/\/centrodelogoterapiacr.org\/wp-content\/uploads\/2021\/11\/Maria-Mercedes.webp","type":"","width":"","height":""}],"twitter_card":"summary_large_image","twitter_misc":{"Est. reading time":"2 minutes"},"schema":{"@context":"https:\/\/schema.org","@graph":[{"@type":"WebPage","@id":"https:\/\/centrodelogoterapiacr.org\/historia-del-centro\/","url":"https:\/\/centrodelogoterapiacr.org\/historia-del-centro\/","name":"Our History","isPartOf":{"@id":"https:\/\/centrodelogoterapiacr.org\/#website"},"primaryImageOfPage":{"@id":"https:\/\/centrodelogoterapiacr.org\/historia-del-centro\/#primaryimage"},"image":{"@id":"https:\/\/centrodelogoterapiacr.org\/historia-del-centro\/#primaryimage"},"thumbnailUrl":"https:\/\/centrodelogoterapiacr.org\/wp-content\/uploads\/2021\/11\/Maria-Mercedes.webp","datePublished":"2021-11-11T20:24:38+00:00","dateModified":"2024-08-01T06:00:52+00:00","breadcrumb":{"@id":"https:\/\/centrodelogoterapiacr.org\/historia-del-centro\/#breadcrumb"},"inLanguage":"en-US","potentialAction":[{"@type":"ReadAction","target":["https:\/\/centrodelogoterapiacr.org\/historia-del-centro\/"]}]},{"@type":"ImageObject","inLanguage":"en-US","@id":"https:\/\/centrodelogoterapiacr.org\/historia-del-centro\/#primaryimage","url":"https:\/\/centrodelogoterapiacr.org\/wp-content\/uploads\/2021\/11\/Maria-Mercedes.webp","contentUrl":"https:\/\/centrodelogoterapiacr.org\/wp-content\/uploads\/2021\/11\/Maria-Mercedes.webp"},{"@type":"BreadcrumbList","@id":"https:\/\/centrodelogoterapiacr.org\/historia-del-centro\/#breadcrumb","itemListElement":[{"@type":"ListItem","position":1,"name":"Portada","item":"https:\/\/centrodelogoterapiacr.org\/"},{"@type":"ListItem","position":2,"name":"Historia del Centro"}]},{"@type":"WebSite","@id":"https:\/\/centrodelogoterapiacr.org\/#website","url":"https:\/\/centrodelogoterapiacr.org\/","name":"Centro Costarricense de Logoterapia","description":"","publisher":{"@id":"https:\/\/centrodelogoterapiacr.org\/#organization"},"potentialAction":[{"@type":"SearchAction","target":{"@type":"EntryPoint","urlTemplate":"https:\/\/centrodelogoterapiacr.org\/?s={search_term_string}"},"query-input":{"@type":"PropertyValueSpecification","valueRequired":true,"valueName":"search_term_string"}}],"inLanguage":"en-US"},{"@type":"Organization","@id":"https:\/\/centrodelogoterapiacr.org\/#organization","name":"Centro Costarricense de Logoterapia","url":"https:\/\/centrodelogoterapiacr.org\/","logo":{"@type":"ImageObject","inLanguage":"en-US","@id":"https:\/\/centrodelogoterapiacr.org\/#\/schema\/logo\/image\/","url":"https:\/\/centrodelogoterapiacr.org\/wp-content\/uploads\/2021\/05\/Logo-color.png","contentUrl":"https:\/\/centrodelogoterapiacr.org\/wp-content\/uploads\/2021\/05\/Logo-color.png","width":1080,"height":458,"caption":"Centro Costarricense de Logoterapia"},"image":{"@id":"https:\/\/centrodelogoterapiacr.org\/#\/schema\/logo\/image\/"}}]}},"_links":{"self":[{"href":"https:\/\/centrodelogoterapiacr.org\/en\/wp-json\/wp\/v2\/pages\/24964","targetHints":{"allow":["GET"]}}],"collection":[{"href":"https:\/\/centrodelogoterapiacr.org\/en\/wp-json\/wp\/v2\/pages"}],"about":[{"href":"https:\/\/centrodelogoterapiacr.org\/en\/wp-json\/wp\/v2\/types\/page"}],"author":[{"embeddable":true,"href":"https:\/\/centrodelogoterapiacr.org\/en\/wp-json\/wp\/v2\/users\/1"}],"replies":[{"embeddable":true,"href":"https:\/\/centrodelogoterapiacr.org\/en\/wp-json\/wp\/v2\/comments?post=24964"}],"version-history":[{"count":22,"href":"https:\/\/centrodelogoterapiacr.org\/en\/wp-json\/wp\/v2\/pages\/24964\/revisions"}],"predecessor-version":[{"id":30206,"href":"https:\/\/centrodelogoterapiacr.org\/en\/wp-json\/wp\/v2\/pages\/24964\/revisions\/30206"}],"wp:attachment":[{"href":"https:\/\/centrodelogoterapiacr.org\/en\/wp-json\/wp\/v2\/media?parent=24964"}],"curies":[{"name":"wp","href":"https:\/\/api.w.org\/{rel}","templated":true}]}}