{"id":25061,"date":"2021-11-13T06:19:45","date_gmt":"2021-11-13T06:19:45","guid":{"rendered":"https:\/\/www.centrodelogoterapiacr.org\/?page_id=25061"},"modified":"2021-11-13T06:19:47","modified_gmt":"2021-11-13T06:19:47","slug":"politica-de-cookies","status":"publish","type":"page","link":"https:\/\/centrodelogoterapiacr.org\/en\/politica-de-cookies\/","title":{"rendered":"Cookie policy"},"content":{"rendered":"<h1 class=\"wp-block-heading\">Cookie policy<\/h1>\n\n\n\n<p>\u00daltima actualizaci\u00f3n: 01 de setiembre de 2021<\/p>\n\n\n\n<p>Esta Pol\u00edtica de Cookies explica qu\u00e9 son las Cookies y c\u00f3mo las utilizamos. Debe leer esta pol\u00edtica para que pueda entender qu\u00e9 tipo de cookies utilizamos, o la informaci\u00f3n que recogemos mediante las Cookies y c\u00f3mo se utiliza esa informaci\u00f3n. Esta Pol\u00edtica de Cookies ha sido creada con la ayuda del&nbsp;<a href=\"https:\/\/www.privacypolicies.com\/cookies-policy-generator\/\" target=\"_blank\" rel=\"noreferrer noopener\">Generador de Pol\u00edtica de Cookies<\/a>.<\/p>\n\n\n\n<p>Las cookies no suelen contener ninguna informaci\u00f3n que identifique personalmente a un usuario, pero la informaci\u00f3n personal que almacenamos sobre Usted puede estar vinculada a la informaci\u00f3n almacenada y obtenida de las cookies. Para m\u00e1s informaci\u00f3n sobre c\u00f3mo utilizamos, almacenamos y mantenemos seguros sus datos personales, consulte nuestra Pol\u00edtica de Privacidad.<\/p>\n\n\n\n<p>No almacenamos informaci\u00f3n personal sensible, como direcciones de correo, contrase\u00f1as de cuentas, etc. en las Cookies que utilizamos.<\/p>\n\n\n\n<p>\u200b<\/p>\n\n\n\n<h2 class=\"wp-block-heading\">Interpretaci\u00f3n y definiciones<\/h2>\n\n\n\n<h3 class=\"wp-block-heading\">&nbsp;<\/h3>\n\n\n\n<h3 class=\"wp-block-heading\">Interpretaci\u00f3n<\/h3>\n\n\n\n<p>Las palabras cuya letra inicial est\u00e1 en may\u00fascula tienen significados definidos en las siguientes condiciones. Las siguientes definiciones tendr\u00e1n el mismo significado independientemente de que aparezcan en singular o en plural.<\/p>\n\n\n\n<h3 class=\"wp-block-heading\">&nbsp;<\/h3>\n\n\n\n<h3 class=\"wp-block-heading\">Definiciones<\/h3>\n\n\n\n<p>A los efectos de la presente Pol\u00edtica de Cookies:<\/p>\n\n\n\n<ul class=\"wp-block-list\"><li>Empresa (referida como \u201cla Empresa\u201d, \u201cNosotros\u201d, \u201cNuestro\u201d en esta Pol\u00edtica de Cookies) se refiere a Centro Costarricense de Logoterapia y An\u00e1lisis Existencial.<\/li><li>Cookies significa peque\u00f1os archivos que se colocan en su ordenador, dispositivo m\u00f3vil o cualquier otro dispositivo por un sitio web, que contienen detalles de su historial de navegaci\u00f3n en ese sitio web entre sus muchos usos.<\/li><li>Sitio web se refiere a Centrodelogoterapiacr, accesible desde&nbsp;<a href=\"https:\/\/centrodelogoterapiacr.org\/en\/\" target=\"_blank\" rel=\"noreferrer noopener\">https:\/\/centrodelogoterapiacr.org<\/a><\/li><li>Usted se refiere a la persona f\u00edsica que accede o utiliza el sitio web, o a una empresa, o a cualquier entidad jur\u00eddica en nombre de la cual dicha persona f\u00edsica accede o utiliza el sitio web, seg\u00fan corresponda.<\/li><\/ul>\n\n\n\n<p>\u200b<\/p>\n\n\n\n<h2 class=\"wp-block-heading\">El uso de las Cookies<\/h2>\n\n\n\n<h3 class=\"wp-block-heading\">Tipo de cookies que utilizamos<\/h3>\n\n\n\n<p>Las cookies pueden ser \u201cPersistentes\u201d o \u201cde Sesi\u00f3n\u201d. Las Cookies persistentes permanecen en su ordenador personal o dispositivo m\u00f3vil cuando se desconecta, mientras que las Cookies de sesi\u00f3n se eliminan en cuanto cierra su navegador web.<\/p>\n\n\n\n<p>Utilizamos tanto las Cookies de sesi\u00f3n como las persistentes para los fines que se indican a continuaci\u00f3n:<\/p>\n\n\n\n<p>Cookies necesarias\/esenciales<\/p>\n\n\n\n<ul class=\"wp-block-list\"><li>Tipo: Cookies de sesi\u00f3n<\/li><li>Administradas por: Nosotros<\/li><li>Finalidad: Estas Cookies son esenciales para proporcionarle los servicios disponibles a trav\u00e9s del Sitio Web y para permitirle utilizar algunas de sus funciones. Ayudan a autenticar a los usuarios y a evitar el uso fraudulento de las cuentas de usuario. Sin estas Cookies, los servicios que Usted ha solicitado no pueden ser proporcionados, y s\u00f3lo utilizamos estas Cookies para proporcionarle dichos servicios.<\/li><\/ul>\n\n\n\n<p>Cookies de Funcionalidad<\/p>\n\n\n\n<ul class=\"wp-block-list\"><li>Tipo: Cookies persistentes<\/li><li>Administradas por: Nosotros<\/li><li>Finalidad: Estas Cookies nos permiten recordar las opciones que usted realiza cuando utiliza el Sitio Web, como recordar sus datos de acceso o su preferencia de idioma. El objetivo de estas Cookies es proporcionarle una experiencia m\u00e1s personal y evitar que tenga que volver a introducir sus preferencias cada vez que utilice el Sitio Web.<\/li><li>Los datos de acceso a la p\u00e1gina web y el idioma de la misma son de car\u00e1cter personal.<\/li><\/ul>\n\n\n\n<p>\u200b<\/p>\n\n\n\n<p>\u200b<\/p>\n\n\n\n<h2 class=\"wp-block-heading\">Sus opciones con respecto a las Cookies<\/h2>\n\n\n\n<p>Si prefiere evitar el uso de Cookies en el Sitio Web, primero debe desactivar el uso de Cookies en su navegador y luego eliminar las Cookies guardadas en su navegador asociadas a este sitio web. Puede utilizar esta opci\u00f3n para evitar el uso de Cookies en cualquier momento.<\/p>\n\n\n\n<p>Si no acepta nuestras Cookies, puede experimentar algunos inconvenientes en el uso del Sitio Web y algunas caracter\u00edsticas pueden no funcionar correctamente.<\/p>\n\n\n\n<p>Si desea eliminar las Cookies o indicar a su navegador que elimine o rechace las Cookies, visite las p\u00e1ginas de ayuda de su navegador.<\/p>\n\n\n\n<ul class=\"wp-block-list\"><li>Para el navegador web Chrome, visite esta p\u00e1gina de Google:&nbsp;<a href=\"https:\/\/support.google.com\/accounts\/answer\/32050\" target=\"_blank\" rel=\"noreferrer noopener\">https:\/\/support.google.com\/accounts\/answer\/32050<\/a><\/li><li>Para el navegador web Internet Explorer, visite esta p\u00e1gina de Microsoft:&nbsp;<a href=\"http:\/\/support.microsoft.com\/kb\/278835\" target=\"_blank\" rel=\"noreferrer noopener\">http:\/\/support.microsoft.com\/kb\/278835<\/a><\/li><li>Para el navegador web Firefox, visite esta p\u00e1gina de Mozilla:&nbsp;<a href=\"https:\/\/support.mozilla.org\/en-US\/kb\/delete-cookies-remove-info-websites-stored\" target=\"_blank\" rel=\"noreferrer noopener\">https:\/\/support.mozilla.org\/en-US\/kb\/delete-cookies-remove-info-websites-stored<\/a><\/li><li>Para el navegador web Safari, visite esta p\u00e1gina de Apple:&nbsp;<a href=\"https:\/\/support.apple.com\/guide\/safari\/manage-cookies-and-website-data-sfri11471\/mac\" target=\"_blank\" rel=\"noreferrer noopener\">https:\/\/support.apple.com\/guide\/safari\/manage-cookies-and-website-data-sfri11471\/mac<\/a><\/li><\/ul>\n\n\n\n<p>Para cualquier otro navegador web, visite las p\u00e1ginas web oficiales de su navegador web.<\/p>\n\n\n\n<p>\u200b<\/p>\n\n\n\n<h2 class=\"wp-block-heading\">M\u00e1s informaci\u00f3n sobre las cookies<\/h2>\n\n\n\n<p>Puede obtener m\u00e1s informaci\u00f3n sobre las cookies:&nbsp;<a href=\"https:\/\/www.privacypolicies.com\/blog\/cookies\/\" target=\"_blank\" rel=\"noreferrer noopener\">\u00bfQu\u00e9 son las cookies?<\/a>.<\/p>\n\n\n\n<p>\u200b<\/p>\n\n\n\n<h2 class=\"wp-block-heading\">Contacta con nosotros<\/h2>\n\n\n\n<p>Si tiene alguna duda sobre esta Pol\u00edtica de Cookies, puede contactar con nosotros:<\/p>\n\n\n\n<ul class=\"wp-block-list\"><li>Por correo electr\u00f3nico:&nbsp;<a href=\"mailto:info@centrodelogoterapiacr.org\">info@centrodelogoterapiacr.org<\/a><\/li><li>Por tel\u00e9fono: +50686829454<\/li><\/ul>","protected":false},"excerpt":{"rendered":"<p>Pol\u00edtica de Cookies \u00daltima actualizaci\u00f3n: 01 de setiembre de 2021 Esta Pol\u00edtica de Cookies explica qu\u00e9 son las Cookies y c\u00f3mo las utilizamos. Debe leer esta pol\u00edtica para que pueda [&hellip;]<\/p>\n","protected":false},"author":1,"featured_media":0,"parent":0,"menu_order":0,"comment_status":"closed","ping_status":"closed","template":"","meta":{"footnotes":""},"class_list":["post-25061","page","type-page","status-publish","hentry"],"blocksy_meta":{"styles_descriptor":{"styles":{"desktop":"","tablet":"","mobile":""},"google_fonts":[],"version":6}},"yoast_head":"<!-- This site is optimized with the Yoast SEO plugin v27.1.1 - https:\/\/yoast.com\/product\/yoast-seo-wordpress\/ -->\n<title>Pol\u00edtica de Cookies<\/title>\n<meta name=\"robots\" content=\"index, follow, max-snippet:-1, max-image-preview:large, max-video-preview:-1\" \/>\n<link rel=\"canonical\" href=\"https:\/\/centrodelogoterapiacr.org\/en\/politica-de-cookies\/\" \/>\n<meta property=\"og:locale\" content=\"en_US\" \/>\n<meta property=\"og:type\" content=\"article\" \/>\n<meta property=\"og:title\" content=\"Pol\u00edtica de Cookies\" \/>\n<meta property=\"og:description\" content=\"Pol\u00edtica de Cookies \u00daltima actualizaci\u00f3n: 01 de setiembre de 2021 Esta Pol\u00edtica de Cookies explica qu\u00e9 son las Cookies y c\u00f3mo las utilizamos. Debe leer esta pol\u00edtica para que pueda [&hellip;]\" \/>\n<meta property=\"og:url\" content=\"https:\/\/centrodelogoterapiacr.org\/en\/politica-de-cookies\/\" \/>\n<meta property=\"og:site_name\" content=\"Centro Costarricense de Logoterapia\" \/>\n<meta property=\"article:modified_time\" content=\"2021-11-13T06:19:47+00:00\" \/>\n<meta name=\"twitter:card\" content=\"summary_large_image\" \/>\n<meta name=\"twitter:label1\" content=\"Est. reading time\" \/>\n\t<meta name=\"twitter:data1\" content=\"4 minutes\" \/>\n<script type=\"application\/ld+json\" class=\"yoast-schema-graph\">{\"@context\":\"https:\/\/schema.org\",\"@graph\":[{\"@type\":\"WebPage\",\"@id\":\"https:\/\/centrodelogoterapiacr.org\/politica-de-cookies\/\",\"url\":\"https:\/\/centrodelogoterapiacr.org\/politica-de-cookies\/\",\"name\":\"Pol\u00edtica de Cookies\",\"isPartOf\":{\"@id\":\"https:\/\/centrodelogoterapiacr.org\/#website\"},\"datePublished\":\"2021-11-13T06:19:45+00:00\",\"dateModified\":\"2021-11-13T06:19:47+00:00\",\"breadcrumb\":{\"@id\":\"https:\/\/centrodelogoterapiacr.org\/politica-de-cookies\/#breadcrumb\"},\"inLanguage\":\"en-US\",\"potentialAction\":[{\"@type\":\"ReadAction\",\"target\":[\"https:\/\/centrodelogoterapiacr.org\/politica-de-cookies\/\"]}]},{\"@type\":\"BreadcrumbList\",\"@id\":\"https:\/\/centrodelogoterapiacr.org\/politica-de-cookies\/#breadcrumb\",\"itemListElement\":[{\"@type\":\"ListItem\",\"position\":1,\"name\":\"Portada\",\"item\":\"https:\/\/centrodelogoterapiacr.org\/\"},{\"@type\":\"ListItem\",\"position\":2,\"name\":\"Pol\u00edtica de Cookies\"}]},{\"@type\":\"WebSite\",\"@id\":\"https:\/\/centrodelogoterapiacr.org\/#website\",\"url\":\"https:\/\/centrodelogoterapiacr.org\/\",\"name\":\"Centro Costarricense de Logoterapia\",\"description\":\"\",\"publisher\":{\"@id\":\"https:\/\/centrodelogoterapiacr.org\/#organization\"},\"potentialAction\":[{\"@type\":\"SearchAction\",\"target\":{\"@type\":\"EntryPoint\",\"urlTemplate\":\"https:\/\/centrodelogoterapiacr.org\/?s={search_term_string}\"},\"query-input\":{\"@type\":\"PropertyValueSpecification\",\"valueRequired\":true,\"valueName\":\"search_term_string\"}}],\"inLanguage\":\"en-US\"},{\"@type\":\"Organization\",\"@id\":\"https:\/\/centrodelogoterapiacr.org\/#organization\",\"name\":\"Centro Costarricense de Logoterapia\",\"url\":\"https:\/\/centrodelogoterapiacr.org\/\",\"logo\":{\"@type\":\"ImageObject\",\"inLanguage\":\"en-US\",\"@id\":\"https:\/\/centrodelogoterapiacr.org\/#\/schema\/logo\/image\/\",\"url\":\"https:\/\/centrodelogoterapiacr.org\/wp-content\/uploads\/2021\/05\/Logo-color.png\",\"contentUrl\":\"https:\/\/centrodelogoterapiacr.org\/wp-content\/uploads\/2021\/05\/Logo-color.png\",\"width\":1080,\"height\":458,\"caption\":\"Centro Costarricense de Logoterapia\"},\"image\":{\"@id\":\"https:\/\/centrodelogoterapiacr.org\/#\/schema\/logo\/image\/\"}}]}<\/script>\n<!-- \/ Yoast SEO plugin. -->","yoast_head_json":{"title":"Cookie policy","robots":{"index":"index","follow":"follow","max-snippet":"max-snippet:-1","max-image-preview":"max-image-preview:large","max-video-preview":"max-video-preview:-1"},"canonical":"https:\/\/centrodelogoterapiacr.org\/en\/politica-de-cookies\/","og_locale":"en_US","og_type":"article","og_title":"Pol\u00edtica de Cookies","og_description":"Pol\u00edtica de Cookies \u00daltima actualizaci\u00f3n: 01 de setiembre de 2021 Esta Pol\u00edtica de Cookies explica qu\u00e9 son las Cookies y c\u00f3mo las utilizamos. Debe leer esta pol\u00edtica para que pueda [&hellip;]","og_url":"https:\/\/centrodelogoterapiacr.org\/en\/politica-de-cookies\/","og_site_name":"Centro Costarricense de Logoterapia","article_modified_time":"2021-11-13T06:19:47+00:00","twitter_card":"summary_large_image","twitter_misc":{"Est. reading time":"4 minutes"},"schema":{"@context":"https:\/\/schema.org","@graph":[{"@type":"WebPage","@id":"https:\/\/centrodelogoterapiacr.org\/politica-de-cookies\/","url":"https:\/\/centrodelogoterapiacr.org\/politica-de-cookies\/","name":"Cookie policy","isPartOf":{"@id":"https:\/\/centrodelogoterapiacr.org\/#website"},"datePublished":"2021-11-13T06:19:45+00:00","dateModified":"2021-11-13T06:19:47+00:00","breadcrumb":{"@id":"https:\/\/centrodelogoterapiacr.org\/politica-de-cookies\/#breadcrumb"},"inLanguage":"en-US","potentialAction":[{"@type":"ReadAction","target":["https:\/\/centrodelogoterapiacr.org\/politica-de-cookies\/"]}]},{"@type":"BreadcrumbList","@id":"https:\/\/centrodelogoterapiacr.org\/politica-de-cookies\/#breadcrumb","itemListElement":[{"@type":"ListItem","position":1,"name":"Portada","item":"https:\/\/centrodelogoterapiacr.org\/"},{"@type":"ListItem","position":2,"name":"Pol\u00edtica de Cookies"}]},{"@type":"WebSite","@id":"https:\/\/centrodelogoterapiacr.org\/#website","url":"https:\/\/centrodelogoterapiacr.org\/","name":"Centro Costarricense de Logoterapia","description":"","publisher":{"@id":"https:\/\/centrodelogoterapiacr.org\/#organization"},"potentialAction":[{"@type":"SearchAction","target":{"@type":"EntryPoint","urlTemplate":"https:\/\/centrodelogoterapiacr.org\/?s={search_term_string}"},"query-input":{"@type":"PropertyValueSpecification","valueRequired":true,"valueName":"search_term_string"}}],"inLanguage":"en-US"},{"@type":"Organization","@id":"https:\/\/centrodelogoterapiacr.org\/#organization","name":"Centro Costarricense de Logoterapia","url":"https:\/\/centrodelogoterapiacr.org\/","logo":{"@type":"ImageObject","inLanguage":"en-US","@id":"https:\/\/centrodelogoterapiacr.org\/#\/schema\/logo\/image\/","url":"https:\/\/centrodelogoterapiacr.org\/wp-content\/uploads\/2021\/05\/Logo-color.png","contentUrl":"https:\/\/centrodelogoterapiacr.org\/wp-content\/uploads\/2021\/05\/Logo-color.png","width":1080,"height":458,"caption":"Centro Costarricense de Logoterapia"},"image":{"@id":"https:\/\/centrodelogoterapiacr.org\/#\/schema\/logo\/image\/"}}]}},"_links":{"self":[{"href":"https:\/\/centrodelogoterapiacr.org\/en\/wp-json\/wp\/v2\/pages\/25061","targetHints":{"allow":["GET"]}}],"collection":[{"href":"https:\/\/centrodelogoterapiacr.org\/en\/wp-json\/wp\/v2\/pages"}],"about":[{"href":"https:\/\/centrodelogoterapiacr.org\/en\/wp-json\/wp\/v2\/types\/page"}],"author":[{"embeddable":true,"href":"https:\/\/centrodelogoterapiacr.org\/en\/wp-json\/wp\/v2\/users\/1"}],"replies":[{"embeddable":true,"href":"https:\/\/centrodelogoterapiacr.org\/en\/wp-json\/wp\/v2\/comments?post=25061"}],"version-history":[{"count":1,"href":"https:\/\/centrodelogoterapiacr.org\/en\/wp-json\/wp\/v2\/pages\/25061\/revisions"}],"predecessor-version":[{"id":25062,"href":"https:\/\/centrodelogoterapiacr.org\/en\/wp-json\/wp\/v2\/pages\/25061\/revisions\/25062"}],"wp:attachment":[{"href":"https:\/\/centrodelogoterapiacr.org\/en\/wp-json\/wp\/v2\/media?parent=25061"}],"curies":[{"name":"wp","href":"https:\/\/api.w.org\/{rel}","templated":true}]}}