{"id":26831,"date":"2022-08-11T23:30:18","date_gmt":"2022-08-11T23:30:18","guid":{"rendered":"https:\/\/www.centrodelogoterapiacr.org\/?page_id=26831"},"modified":"2023-05-06T08:23:24","modified_gmt":"2023-05-06T08:23:24","slug":"declaracion-de-inclusion","status":"publish","type":"page","link":"https:\/\/centrodelogoterapiacr.org\/en\/declaracion-de-inclusion\/","title":{"rendered":"STATEMENT OF INCLUSION"},"content":{"rendered":"<div data-elementor-type=\"wp-page\" data-elementor-id=\"26831\" class=\"elementor elementor-26831\">\n\t\t\t\t\t\t<section class=\"elementor-section elementor-top-section elementor-element elementor-element-e559c64 ct-section-stretched elementor-section-boxed elementor-section-height-default elementor-section-height-default\" data-id=\"e559c64\" data-element_type=\"section\" data-e-type=\"section\" data-settings=\"{&quot;background_background&quot;:&quot;classic&quot;}\">\n\t\t\t\t\t\t\t<div class=\"elementor-background-overlay\"><\/div>\n\t\t\t\t\t\t\t<div class=\"elementor-container elementor-column-gap-default\">\n\t\t\t\t\t<div class=\"elementor-column elementor-col-100 elementor-top-column elementor-element elementor-element-e31c399\" data-id=\"e31c399\" data-element_type=\"column\" data-e-type=\"column\">\n\t\t\t<div class=\"elementor-widget-wrap elementor-element-populated\">\n\t\t\t\t\t\t<div class=\"elementor-element elementor-element-d6e7a73 elementor-widget elementor-widget-heading\" data-id=\"d6e7a73\" data-element_type=\"widget\" data-e-type=\"widget\" data-widget_type=\"heading.default\">\n\t\t\t\t<div class=\"elementor-widget-container\">\n\t\t\t\t\t<h1 class=\"elementor-heading-title elementor-size-default\">STATEMENT OF INCLUSION<\/h1>\t\t\t\t<\/div>\n\t\t\t\t<\/div>\n\t\t\t\t\t<\/div>\n\t\t<\/div>\n\t\t\t\t\t<\/div>\n\t\t<\/section>\n\t\t\t\t<section class=\"elementor-section elementor-top-section elementor-element elementor-element-a956273 elementor-section-boxed elementor-section-height-default elementor-section-height-default\" data-id=\"a956273\" data-element_type=\"section\" data-e-type=\"section\">\n\t\t\t\t\t\t<div class=\"elementor-container elementor-column-gap-default\">\n\t\t\t\t\t<div class=\"elementor-column elementor-col-100 elementor-top-column elementor-element elementor-element-f5622aa\" data-id=\"f5622aa\" data-element_type=\"column\" data-e-type=\"column\">\n\t\t\t<div class=\"elementor-widget-wrap elementor-element-populated\">\n\t\t\t\t\t\t<div class=\"elementor-element elementor-element-4cef3a6 elementor-widget elementor-widget-heading\" data-id=\"4cef3a6\" data-element_type=\"widget\" data-e-type=\"widget\" data-widget_type=\"heading.default\">\n\t\t\t\t<div class=\"elementor-widget-container\">\n\t\t\t\t\t<h2 class=\"elementor-heading-title elementor-size-default\">En nuestro Centro no discriminamos ni excluimos a nadie<\/h2>\t\t\t\t<\/div>\n\t\t\t\t<\/div>\n\t\t\t\t\t<\/div>\n\t\t<\/div>\n\t\t\t\t\t<\/div>\n\t\t<\/section>\n\t\t\t\t<section class=\"elementor-section elementor-top-section elementor-element elementor-element-ce73af3 elementor-section-boxed elementor-section-height-default elementor-section-height-default\" data-id=\"ce73af3\" data-element_type=\"section\" data-e-type=\"section\">\n\t\t\t\t\t\t<div class=\"elementor-container elementor-column-gap-default\">\n\t\t\t\t\t<div class=\"elementor-column elementor-col-100 elementor-top-column elementor-element elementor-element-025e137\" data-id=\"025e137\" data-element_type=\"column\" data-e-type=\"column\">\n\t\t\t<div class=\"elementor-widget-wrap elementor-element-populated\">\n\t\t\t\t\t\t<div class=\"elementor-element elementor-element-cb86078 elementor-widget elementor-widget-text-editor\" data-id=\"cb86078\" data-element_type=\"widget\" data-e-type=\"widget\" data-widget_type=\"text-editor.default\">\n\t\t\t\t<div class=\"elementor-widget-container\">\n\t\t\t\t\t\t\t\t\t<p>The Viktor Frankl Costa Rican Logotherapy Center is an organization that promotes a culture of inclusion, equality and equity, is respectful of human rights and in no way allows discriminatory actions towards people either individually or collectively.<\/p><p>We represent values such as: respect, solidarity, equality, sisterhood, peace, reciprocity, transcendence, acceptance, inclusion. We are aware of the differences and different abilities between people and groups, including race, sex, gender identity, ethnicity, national origin, documentation status, culture, sexual orientation, religion. We support and defend social justice for all people.<\/p>\t\t\t\t\t\t\t\t<\/div>\n\t\t\t\t<\/div>\n\t\t\t\t\t<\/div>\n\t\t<\/div>\n\t\t\t\t\t<\/div>\n\t\t<\/section>\n\t\t\t\t<\/div>","protected":false},"excerpt":{"rendered":"<p>DECLARACI\u00d3N DE INCLUSI\u00d3N En nuestro Centro no discriminamos ni excluimos a nadie El Centro Costarricense de Logoterapia Viktor Frankl es una organizaci\u00f3n que promueve una cultura de inclusi\u00f3n, igualdad y [&hellip;]<\/p>\n","protected":false},"author":1,"featured_media":0,"parent":0,"menu_order":0,"comment_status":"closed","ping_status":"closed","template":"","meta":{"footnotes":""},"class_list":["post-26831","page","type-page","status-publish","hentry"],"blocksy_meta":{"styles_descriptor":{"styles":{"desktop":"","tablet":"","mobile":""},"google_fonts":[],"version":6}},"yoast_head":"<!-- This site is optimized with the Yoast SEO plugin v27.1.1 - https:\/\/yoast.com\/product\/yoast-seo-wordpress\/ -->\n<title>DECLARACI\u00d3N DE INCLUSI\u00d3N<\/title>\n<meta name=\"robots\" content=\"index, follow, max-snippet:-1, max-image-preview:large, max-video-preview:-1\" \/>\n<link rel=\"canonical\" href=\"https:\/\/centrodelogoterapiacr.org\/en\/declaracion-de-inclusion\/\" \/>\n<meta property=\"og:locale\" content=\"en_US\" \/>\n<meta property=\"og:type\" content=\"article\" \/>\n<meta property=\"og:title\" content=\"DECLARACI\u00d3N DE INCLUSI\u00d3N\" \/>\n<meta property=\"og:description\" content=\"DECLARACI\u00d3N DE INCLUSI\u00d3N En nuestro Centro no discriminamos ni excluimos a nadie El Centro Costarricense de Logoterapia Viktor Frankl es una organizaci\u00f3n que promueve una cultura de inclusi\u00f3n, igualdad y [&hellip;]\" \/>\n<meta property=\"og:url\" content=\"https:\/\/centrodelogoterapiacr.org\/en\/declaracion-de-inclusion\/\" \/>\n<meta property=\"og:site_name\" content=\"Centro Costarricense de Logoterapia\" \/>\n<meta property=\"article:modified_time\" content=\"2023-05-06T08:23:24+00:00\" \/>\n<meta name=\"twitter:card\" content=\"summary_large_image\" \/>\n<meta name=\"twitter:label1\" content=\"Est. reading time\" \/>\n\t<meta name=\"twitter:data1\" content=\"1 minute\" \/>\n<script type=\"application\/ld+json\" class=\"yoast-schema-graph\">{\"@context\":\"https:\/\/schema.org\",\"@graph\":[{\"@type\":\"WebPage\",\"@id\":\"https:\/\/centrodelogoterapiacr.org\/declaracion-de-inclusion\/\",\"url\":\"https:\/\/centrodelogoterapiacr.org\/declaracion-de-inclusion\/\",\"name\":\"DECLARACI\u00d3N DE INCLUSI\u00d3N\",\"isPartOf\":{\"@id\":\"https:\/\/centrodelogoterapiacr.org\/#website\"},\"datePublished\":\"2022-08-11T23:30:18+00:00\",\"dateModified\":\"2023-05-06T08:23:24+00:00\",\"breadcrumb\":{\"@id\":\"https:\/\/centrodelogoterapiacr.org\/declaracion-de-inclusion\/#breadcrumb\"},\"inLanguage\":\"en-US\",\"potentialAction\":[{\"@type\":\"ReadAction\",\"target\":[\"https:\/\/centrodelogoterapiacr.org\/declaracion-de-inclusion\/\"]}]},{\"@type\":\"BreadcrumbList\",\"@id\":\"https:\/\/centrodelogoterapiacr.org\/declaracion-de-inclusion\/#breadcrumb\",\"itemListElement\":[{\"@type\":\"ListItem\",\"position\":1,\"name\":\"Portada\",\"item\":\"https:\/\/centrodelogoterapiacr.org\/\"},{\"@type\":\"ListItem\",\"position\":2,\"name\":\"DECLARACI\u00d3N DE INCLUSI\u00d3N\"}]},{\"@type\":\"WebSite\",\"@id\":\"https:\/\/centrodelogoterapiacr.org\/#website\",\"url\":\"https:\/\/centrodelogoterapiacr.org\/\",\"name\":\"Centro Costarricense de Logoterapia\",\"description\":\"\",\"publisher\":{\"@id\":\"https:\/\/centrodelogoterapiacr.org\/#organization\"},\"potentialAction\":[{\"@type\":\"SearchAction\",\"target\":{\"@type\":\"EntryPoint\",\"urlTemplate\":\"https:\/\/centrodelogoterapiacr.org\/?s={search_term_string}\"},\"query-input\":{\"@type\":\"PropertyValueSpecification\",\"valueRequired\":true,\"valueName\":\"search_term_string\"}}],\"inLanguage\":\"en-US\"},{\"@type\":\"Organization\",\"@id\":\"https:\/\/centrodelogoterapiacr.org\/#organization\",\"name\":\"Centro Costarricense de Logoterapia\",\"url\":\"https:\/\/centrodelogoterapiacr.org\/\",\"logo\":{\"@type\":\"ImageObject\",\"inLanguage\":\"en-US\",\"@id\":\"https:\/\/centrodelogoterapiacr.org\/#\/schema\/logo\/image\/\",\"url\":\"https:\/\/centrodelogoterapiacr.org\/wp-content\/uploads\/2021\/05\/Logo-color.png\",\"contentUrl\":\"https:\/\/centrodelogoterapiacr.org\/wp-content\/uploads\/2021\/05\/Logo-color.png\",\"width\":1080,\"height\":458,\"caption\":\"Centro Costarricense de Logoterapia\"},\"image\":{\"@id\":\"https:\/\/centrodelogoterapiacr.org\/#\/schema\/logo\/image\/\"}}]}<\/script>\n<!-- \/ Yoast SEO plugin. -->","yoast_head_json":{"title":"STATEMENT OF INCLUSION","robots":{"index":"index","follow":"follow","max-snippet":"max-snippet:-1","max-image-preview":"max-image-preview:large","max-video-preview":"max-video-preview:-1"},"canonical":"https:\/\/centrodelogoterapiacr.org\/en\/declaracion-de-inclusion\/","og_locale":"en_US","og_type":"article","og_title":"DECLARACI\u00d3N DE INCLUSI\u00d3N","og_description":"DECLARACI\u00d3N DE INCLUSI\u00d3N En nuestro Centro no discriminamos ni excluimos a nadie El Centro Costarricense de Logoterapia Viktor Frankl es una organizaci\u00f3n que promueve una cultura de inclusi\u00f3n, igualdad y [&hellip;]","og_url":"https:\/\/centrodelogoterapiacr.org\/en\/declaracion-de-inclusion\/","og_site_name":"Centro Costarricense de Logoterapia","article_modified_time":"2023-05-06T08:23:24+00:00","twitter_card":"summary_large_image","twitter_misc":{"Est. reading time":"1 minute"},"schema":{"@context":"https:\/\/schema.org","@graph":[{"@type":"WebPage","@id":"https:\/\/centrodelogoterapiacr.org\/declaracion-de-inclusion\/","url":"https:\/\/centrodelogoterapiacr.org\/declaracion-de-inclusion\/","name":"STATEMENT OF INCLUSION","isPartOf":{"@id":"https:\/\/centrodelogoterapiacr.org\/#website"},"datePublished":"2022-08-11T23:30:18+00:00","dateModified":"2023-05-06T08:23:24+00:00","breadcrumb":{"@id":"https:\/\/centrodelogoterapiacr.org\/declaracion-de-inclusion\/#breadcrumb"},"inLanguage":"en-US","potentialAction":[{"@type":"ReadAction","target":["https:\/\/centrodelogoterapiacr.org\/declaracion-de-inclusion\/"]}]},{"@type":"BreadcrumbList","@id":"https:\/\/centrodelogoterapiacr.org\/declaracion-de-inclusion\/#breadcrumb","itemListElement":[{"@type":"ListItem","position":1,"name":"Portada","item":"https:\/\/centrodelogoterapiacr.org\/"},{"@type":"ListItem","position":2,"name":"DECLARACI\u00d3N DE INCLUSI\u00d3N"}]},{"@type":"WebSite","@id":"https:\/\/centrodelogoterapiacr.org\/#website","url":"https:\/\/centrodelogoterapiacr.org\/","name":"Centro Costarricense de Logoterapia","description":"","publisher":{"@id":"https:\/\/centrodelogoterapiacr.org\/#organization"},"potentialAction":[{"@type":"SearchAction","target":{"@type":"EntryPoint","urlTemplate":"https:\/\/centrodelogoterapiacr.org\/?s={search_term_string}"},"query-input":{"@type":"PropertyValueSpecification","valueRequired":true,"valueName":"search_term_string"}}],"inLanguage":"en-US"},{"@type":"Organization","@id":"https:\/\/centrodelogoterapiacr.org\/#organization","name":"Centro Costarricense de Logoterapia","url":"https:\/\/centrodelogoterapiacr.org\/","logo":{"@type":"ImageObject","inLanguage":"en-US","@id":"https:\/\/centrodelogoterapiacr.org\/#\/schema\/logo\/image\/","url":"https:\/\/centrodelogoterapiacr.org\/wp-content\/uploads\/2021\/05\/Logo-color.png","contentUrl":"https:\/\/centrodelogoterapiacr.org\/wp-content\/uploads\/2021\/05\/Logo-color.png","width":1080,"height":458,"caption":"Centro Costarricense de Logoterapia"},"image":{"@id":"https:\/\/centrodelogoterapiacr.org\/#\/schema\/logo\/image\/"}}]}},"_links":{"self":[{"href":"https:\/\/centrodelogoterapiacr.org\/en\/wp-json\/wp\/v2\/pages\/26831","targetHints":{"allow":["GET"]}}],"collection":[{"href":"https:\/\/centrodelogoterapiacr.org\/en\/wp-json\/wp\/v2\/pages"}],"about":[{"href":"https:\/\/centrodelogoterapiacr.org\/en\/wp-json\/wp\/v2\/types\/page"}],"author":[{"embeddable":true,"href":"https:\/\/centrodelogoterapiacr.org\/en\/wp-json\/wp\/v2\/users\/1"}],"replies":[{"embeddable":true,"href":"https:\/\/centrodelogoterapiacr.org\/en\/wp-json\/wp\/v2\/comments?post=26831"}],"version-history":[{"count":16,"href":"https:\/\/centrodelogoterapiacr.org\/en\/wp-json\/wp\/v2\/pages\/26831\/revisions"}],"predecessor-version":[{"id":28244,"href":"https:\/\/centrodelogoterapiacr.org\/en\/wp-json\/wp\/v2\/pages\/26831\/revisions\/28244"}],"wp:attachment":[{"href":"https:\/\/centrodelogoterapiacr.org\/en\/wp-json\/wp\/v2\/media?parent=26831"}],"curies":[{"name":"wp","href":"https:\/\/api.w.org\/{rel}","templated":true}]}}