{"id":31590,"date":"2026-01-15T22:33:19","date_gmt":"2026-01-16T04:33:19","guid":{"rendered":"https:\/\/centrodelogoterapiacr.org\/?page_id=31590"},"modified":"2026-01-15T22:45:27","modified_gmt":"2026-01-16T04:45:27","slug":"taller-todos-perdemos-con-las-adicciones","status":"publish","type":"page","link":"https:\/\/centrodelogoterapiacr.org\/en\/taller-todos-perdemos-con-las-adicciones\/","title":{"rendered":"TALLER: TODOS PERDEMOS CON LAS ADICCIONES"},"content":{"rendered":"<div data-elementor-type=\"wp-page\" data-elementor-id=\"31590\" class=\"elementor elementor-31590\">\n\t\t\t\t\t\t<section class=\"elementor-section elementor-top-section elementor-element elementor-element-38a76fc elementor-section-boxed elementor-section-height-default elementor-section-height-default\" data-id=\"38a76fc\" data-element_type=\"section\" data-e-type=\"section\" data-settings=\"{&quot;background_background&quot;:&quot;gradient&quot;}\">\n\t\t\t\t\t\t<div class=\"elementor-container elementor-column-gap-default\">\n\t\t\t\t\t<div class=\"elementor-column elementor-col-100 elementor-top-column elementor-element elementor-element-c4ea579\" data-id=\"c4ea579\" data-element_type=\"column\" data-e-type=\"column\">\n\t\t\t<div class=\"elementor-widget-wrap elementor-element-populated\">\n\t\t\t\t\t\t<div class=\"elementor-element elementor-element-44cab10 elementor-widget elementor-widget-heading\" data-id=\"44cab10\" data-element_type=\"widget\" data-e-type=\"widget\" data-widget_type=\"heading.default\">\n\t\t\t\t<div class=\"elementor-widget-container\">\n\t\t\t\t\t<h2 class=\"elementor-heading-title elementor-size-default\">TALLER: TODOS PERDEMOS CON LAS ADICCIONES<\/h2>\t\t\t\t<\/div>\n\t\t\t\t<\/div>\n\t\t\t\t<div class=\"elementor-element elementor-element-9c3ff23 elementor-align-center elementor-mobile-align-justify elementor-widget elementor-widget-button\" data-id=\"9c3ff23\" data-element_type=\"widget\" data-e-type=\"widget\" data-widget_type=\"button.default\">\n\t\t\t\t<div class=\"elementor-widget-container\">\n\t\t\t\t\t\t\t\t\t<div class=\"elementor-button-wrapper\">\n\t\t\t\t\t<a class=\"elementor-button elementor-button-link elementor-size-sm\" href=\"https:\/\/forms.gle\/v7ZZvkFmtyjbp7Ck6\">\n\t\t\t\t\t\t<span class=\"elementor-button-content-wrapper\">\n\t\t\t\t\t\t\t\t\t<span class=\"elementor-button-text\">Formulario de inscripci\u00f3n <\/span>\n\t\t\t\t\t<\/span>\n\t\t\t\t\t<\/a>\n\t\t\t\t<\/div>\n\t\t\t\t\t\t\t\t<\/div>\n\t\t\t\t<\/div>\n\t\t\t\t\t<\/div>\n\t\t<\/div>\n\t\t\t\t\t<\/div>\n\t\t<\/section>\n\t\t\t\t<section class=\"elementor-section elementor-top-section elementor-element elementor-element-34fa95b elementor-section-boxed elementor-section-height-default elementor-section-height-default\" data-id=\"34fa95b\" data-element_type=\"section\" data-e-type=\"section\">\n\t\t\t\t\t\t<div class=\"elementor-container elementor-column-gap-default\">\n\t\t\t\t\t<div class=\"elementor-column elementor-col-50 elementor-top-column elementor-element elementor-element-196cd1a\" data-id=\"196cd1a\" data-element_type=\"column\" data-e-type=\"column\">\n\t\t\t<div class=\"elementor-widget-wrap elementor-element-populated\">\n\t\t\t\t\t\t<div class=\"elementor-element elementor-element-3dc7eac elementor-widget elementor-widget-heading\" data-id=\"3dc7eac\" data-element_type=\"widget\" data-e-type=\"widget\" data-widget_type=\"heading.default\">\n\t\t\t\t<div class=\"elementor-widget-container\">\n\t\t\t\t\t<h2 class=\"elementor-heading-title elementor-size-default\">Transformemos el dolor en el sentido necesario para construir un nuevo comienzo<\/h2>\t\t\t\t<\/div>\n\t\t\t\t<\/div>\n\t\t\t\t<div class=\"elementor-element elementor-element-5b17751 elementor-widget elementor-widget-text-editor\" data-id=\"5b17751\" data-element_type=\"widget\" data-e-type=\"widget\" data-widget_type=\"text-editor.default\">\n\t\t\t\t<div class=\"elementor-widget-container\">\n\t\t\t\t\t\t\t\t\t<p><strong>Modalidad:<\/strong> Taller online (en vivo)<br \/><strong>Fecha:<\/strong> s\u00e1bado 21 de febrero<br \/><strong>Hora:<\/strong> 2:00 p.m. (hora de Costa Rica)<\/p><p><strong>Facilitadores:<\/strong><br \/>Eleiza P\u00e9rez: Terapeuta psicosocial, especialista en Logoterapia.<br \/>Carlos Gonz\u00e1lez: Logeducador y mentor en adicciones.<\/p>\t\t\t\t\t\t\t\t<\/div>\n\t\t\t\t<\/div>\n\t\t\t\t\t<\/div>\n\t\t<\/div>\n\t\t\t\t<div class=\"elementor-column elementor-col-50 elementor-top-column elementor-element elementor-element-afdb712\" data-id=\"afdb712\" data-element_type=\"column\" data-e-type=\"column\">\n\t\t\t<div class=\"elementor-widget-wrap elementor-element-populated\">\n\t\t\t\t\t\t<div class=\"elementor-element elementor-element-518b586 elementor-widget elementor-widget-image\" data-id=\"518b586\" data-element_type=\"widget\" data-e-type=\"widget\" data-widget_type=\"image.default\">\n\t\t\t\t<div class=\"elementor-widget-container\">\n\t\t\t\t\t\t\t\t\t\t\t\t\t\t\t<img fetchpriority=\"high\" decoding=\"async\" width=\"768\" height=\"1024\" src=\"https:\/\/centrodelogoterapiacr.org\/wp-content\/uploads\/2026\/01\/Taller-768x1024.jpeg\" class=\"attachment-large size-large wp-image-31586\" alt=\"\" srcset=\"https:\/\/centrodelogoterapiacr.org\/wp-content\/uploads\/2026\/01\/Taller-768x1024.jpeg 768w, https:\/\/centrodelogoterapiacr.org\/wp-content\/uploads\/2026\/01\/Taller-225x300.jpeg 225w, https:\/\/centrodelogoterapiacr.org\/wp-content\/uploads\/2026\/01\/Taller-9x12.jpeg 9w, https:\/\/centrodelogoterapiacr.org\/wp-content\/uploads\/2026\/01\/Taller.jpeg 1080w\" sizes=\"(max-width: 768px) 100vw, 768px\" \/>\t\t\t\t\t\t\t\t\t\t\t\t\t\t\t<\/div>\n\t\t\t\t<\/div>\n\t\t\t\t\t<\/div>\n\t\t<\/div>\n\t\t\t\t\t<\/div>\n\t\t<\/section>\n\t\t\t\t<section class=\"elementor-section elementor-top-section elementor-element elementor-element-5fd1635c elementor-section-boxed elementor-section-height-default elementor-section-height-default\" data-id=\"5fd1635c\" data-element_type=\"section\" data-e-type=\"section\">\n\t\t\t\t\t\t<div class=\"elementor-container elementor-column-gap-default\">\n\t\t\t\t\t<div class=\"elementor-column elementor-col-100 elementor-top-column elementor-element elementor-element-59815121\" data-id=\"59815121\" data-element_type=\"column\" data-e-type=\"column\">\n\t\t\t<div class=\"elementor-widget-wrap elementor-element-populated\">\n\t\t\t\t\t\t<div class=\"elementor-element elementor-element-2923a3be elementor-widget elementor-widget-text-editor\" data-id=\"2923a3be\" data-element_type=\"widget\" data-e-type=\"widget\" data-widget_type=\"text-editor.default\">\n\t\t\t\t<div class=\"elementor-widget-container\">\n\t\t\t\t\t\t\t\t\t<div class=\"taller-ficha\"><p>\u00a0<\/p><p>Este taller est\u00e1 dirigido a familiares y personas afectadas por la adicci\u00f3n propia o de un ser querido.<br \/>La adicci\u00f3n genera m\u00faltiples p\u00e9rdidas emocionales, relacionales y existenciales, tanto durante el consumo<br \/>como en el proceso de recuperaci\u00f3n, y muchas veces este dolor se vive en silencio, con culpa o confusi\u00f3n.<\/p><p><strong>Durante el taller se abordar\u00e1n, a grandes rasgos, los siguientes temas:<\/strong><\/p><ul><li>La adicci\u00f3n y el duelo desde una mirada logoterap\u00e9utica.<\/li><li>Las p\u00e9rdidas que enfrentan los familiares y la persona adicta.<\/li><li>Las etapas del duelo y c\u00f3mo se manifiestan en este proceso.<\/li><li>El sufrimiento y su transformaci\u00f3n en aprendizaje y sentido.<\/li><li>C\u00f3mo soltar con amor, sin culpa ni control excesivo.<\/li><li>Acompa\u00f1ar sin rescatar y reorganizar la vida desde un lugar m\u00e1s libre y consciente.<\/li><\/ul><p>El taller incluye actividades pr\u00e1cticas durante el encuentro, ejercicios de reflexi\u00f3n personal y material de apoyo<br \/>con actividades e informaci\u00f3n que los participantes podr\u00e1n trabajar posteriormente a su propio ritmo.<\/p><h4><strong>Cierre:<\/strong><\/h4><p>Este taller no es una charla m\u00e1s. Es un espacio seguro para detenerte, comprender tu dolor y darle un nuevo significado<br \/>a lo que has vivido. No se trata de olvidar ni de negar lo perdido, sino de aprender a sostenerlo con mayor conciencia,<br \/>dignidad y amor propio.<\/p><p>Si hoy sientes cansancio, confusi\u00f3n o carga emocional, este espacio es para ti. Al finalizar el taller, no solo te llevar\u00e1s<br \/>herramientas pr\u00e1cticas, sino tambi\u00e9n una mayor claridad interior, fortaleza emocional y la certeza de que es posible acompa\u00f1ar<br \/>sin perderte a ti mismo.<\/p><p><strong><em><br \/>Te invitamos a darte este espacio. Sanar no es hacerlo solo, y siempre es posible salir m\u00e1s fuerte cuando el dolor encuentra sentido.<\/em><\/strong><\/p><\/div>\t\t\t\t\t\t\t\t<\/div>\n\t\t\t\t<\/div>\n\t\t\t\t\t<\/div>\n\t\t<\/div>\n\t\t\t\t\t<\/div>\n\t\t<\/section>\n\t\t\t\t<section class=\"elementor-section elementor-top-section elementor-element elementor-element-b14950a elementor-section-boxed elementor-section-height-default elementor-section-height-default\" data-id=\"b14950a\" data-element_type=\"section\" data-e-type=\"section\">\n\t\t\t\t\t\t<div class=\"elementor-container elementor-column-gap-default\">\n\t\t\t\t\t<div class=\"elementor-column elementor-col-100 elementor-top-column elementor-element elementor-element-807f36c\" data-id=\"807f36c\" data-element_type=\"column\" data-e-type=\"column\">\n\t\t\t<div class=\"elementor-widget-wrap elementor-element-populated\">\n\t\t\t\t\t\t<div class=\"elementor-element elementor-element-5b13396 elementor-align-left elementor-mobile-align-justify elementor-widget elementor-widget-button\" data-id=\"5b13396\" data-element_type=\"widget\" data-e-type=\"widget\" data-widget_type=\"button.default\">\n\t\t\t\t<div class=\"elementor-widget-container\">\n\t\t\t\t\t\t\t\t\t<div class=\"elementor-button-wrapper\">\n\t\t\t\t\t<a class=\"elementor-button elementor-button-link elementor-size-sm\" href=\"https:\/\/forms.gle\/v7ZZvkFmtyjbp7Ck6\">\n\t\t\t\t\t\t<span class=\"elementor-button-content-wrapper\">\n\t\t\t\t\t\t\t\t\t<span class=\"elementor-button-text\">Formulario de inscripci\u00f3n <\/span>\n\t\t\t\t\t<\/span>\n\t\t\t\t\t<\/a>\n\t\t\t\t<\/div>\n\t\t\t\t\t\t\t\t<\/div>\n\t\t\t\t<\/div>\n\t\t\t\t\t<\/div>\n\t\t<\/div>\n\t\t\t\t\t<\/div>\n\t\t<\/section>\n\t\t\t\t<\/div>","protected":false},"excerpt":{"rendered":"<p>TALLER: TODOS PERDEMOS CON LAS ADICCIONES Formulario de inscripci\u00f3n Transformemos el dolor en el sentido necesario para construir un nuevo comienzo Modalidad: Taller online (en vivo)Fecha: s\u00e1bado 21 de febreroHora: [&hellip;]<\/p>\n","protected":false},"author":1,"featured_media":0,"parent":0,"menu_order":0,"comment_status":"closed","ping_status":"closed","template":"","meta":{"footnotes":""},"class_list":["post-31590","page","type-page","status-publish","hentry"],"blocksy_meta":[],"yoast_head":"<!-- This site is optimized with the Yoast SEO plugin v27.1.1 - https:\/\/yoast.com\/product\/yoast-seo-wordpress\/ -->\n<title>TALLER: TODOS PERDEMOS CON LAS ADICCIONES<\/title>\n<meta name=\"robots\" content=\"index, follow, max-snippet:-1, max-image-preview:large, max-video-preview:-1\" \/>\n<link rel=\"canonical\" href=\"https:\/\/centrodelogoterapiacr.org\/en\/taller-todos-perdemos-con-las-adicciones\/\" \/>\n<meta property=\"og:locale\" content=\"en_US\" \/>\n<meta property=\"og:type\" content=\"article\" \/>\n<meta property=\"og:title\" content=\"TALLER: TODOS PERDEMOS CON LAS ADICCIONES\" \/>\n<meta property=\"og:description\" content=\"TALLER: TODOS PERDEMOS CON LAS ADICCIONES Formulario de inscripci\u00f3n Transformemos el dolor en el sentido necesario para construir un nuevo comienzo Modalidad: Taller online (en vivo)Fecha: s\u00e1bado 21 de febreroHora: [&hellip;]\" \/>\n<meta property=\"og:url\" content=\"https:\/\/centrodelogoterapiacr.org\/en\/taller-todos-perdemos-con-las-adicciones\/\" \/>\n<meta property=\"og:site_name\" content=\"Centro Costarricense de Logoterapia\" \/>\n<meta property=\"article:modified_time\" content=\"2026-01-16T04:45:27+00:00\" \/>\n<meta property=\"og:image\" content=\"https:\/\/centrodelogoterapiacr.org\/wp-content\/uploads\/2026\/01\/Taller-768x1024.jpeg\" \/>\n<meta name=\"twitter:card\" content=\"summary_large_image\" \/>\n<meta name=\"twitter:label1\" content=\"Est. reading time\" \/>\n\t<meta name=\"twitter:data1\" content=\"2 minutes\" \/>\n<script type=\"application\/ld+json\" class=\"yoast-schema-graph\">{\"@context\":\"https:\/\/schema.org\",\"@graph\":[{\"@type\":\"WebPage\",\"@id\":\"https:\/\/centrodelogoterapiacr.org\/taller-todos-perdemos-con-las-adicciones\/\",\"url\":\"https:\/\/centrodelogoterapiacr.org\/taller-todos-perdemos-con-las-adicciones\/\",\"name\":\"TALLER: TODOS PERDEMOS CON LAS ADICCIONES\",\"isPartOf\":{\"@id\":\"https:\/\/centrodelogoterapiacr.org\/#website\"},\"primaryImageOfPage\":{\"@id\":\"https:\/\/centrodelogoterapiacr.org\/taller-todos-perdemos-con-las-adicciones\/#primaryimage\"},\"image\":{\"@id\":\"https:\/\/centrodelogoterapiacr.org\/taller-todos-perdemos-con-las-adicciones\/#primaryimage\"},\"thumbnailUrl\":\"https:\/\/centrodelogoterapiacr.org\/wp-content\/uploads\/2026\/01\/Taller-768x1024.jpeg\",\"datePublished\":\"2026-01-16T04:33:19+00:00\",\"dateModified\":\"2026-01-16T04:45:27+00:00\",\"breadcrumb\":{\"@id\":\"https:\/\/centrodelogoterapiacr.org\/taller-todos-perdemos-con-las-adicciones\/#breadcrumb\"},\"inLanguage\":\"en-US\",\"potentialAction\":[{\"@type\":\"ReadAction\",\"target\":[\"https:\/\/centrodelogoterapiacr.org\/taller-todos-perdemos-con-las-adicciones\/\"]}]},{\"@type\":\"ImageObject\",\"inLanguage\":\"en-US\",\"@id\":\"https:\/\/centrodelogoterapiacr.org\/taller-todos-perdemos-con-las-adicciones\/#primaryimage\",\"url\":\"https:\/\/centrodelogoterapiacr.org\/wp-content\/uploads\/2026\/01\/Taller-768x1024.jpeg\",\"contentUrl\":\"https:\/\/centrodelogoterapiacr.org\/wp-content\/uploads\/2026\/01\/Taller-768x1024.jpeg\"},{\"@type\":\"BreadcrumbList\",\"@id\":\"https:\/\/centrodelogoterapiacr.org\/taller-todos-perdemos-con-las-adicciones\/#breadcrumb\",\"itemListElement\":[{\"@type\":\"ListItem\",\"position\":1,\"name\":\"Portada\",\"item\":\"https:\/\/centrodelogoterapiacr.org\/\"},{\"@type\":\"ListItem\",\"position\":2,\"name\":\"TALLER: TODOS PERDEMOS CON LAS ADICCIONES\"}]},{\"@type\":\"WebSite\",\"@id\":\"https:\/\/centrodelogoterapiacr.org\/#website\",\"url\":\"https:\/\/centrodelogoterapiacr.org\/\",\"name\":\"Centro Costarricense de Logoterapia\",\"description\":\"\",\"publisher\":{\"@id\":\"https:\/\/centrodelogoterapiacr.org\/#organization\"},\"potentialAction\":[{\"@type\":\"SearchAction\",\"target\":{\"@type\":\"EntryPoint\",\"urlTemplate\":\"https:\/\/centrodelogoterapiacr.org\/?s={search_term_string}\"},\"query-input\":{\"@type\":\"PropertyValueSpecification\",\"valueRequired\":true,\"valueName\":\"search_term_string\"}}],\"inLanguage\":\"en-US\"},{\"@type\":\"Organization\",\"@id\":\"https:\/\/centrodelogoterapiacr.org\/#organization\",\"name\":\"Centro Costarricense de Logoterapia\",\"url\":\"https:\/\/centrodelogoterapiacr.org\/\",\"logo\":{\"@type\":\"ImageObject\",\"inLanguage\":\"en-US\",\"@id\":\"https:\/\/centrodelogoterapiacr.org\/#\/schema\/logo\/image\/\",\"url\":\"https:\/\/centrodelogoterapiacr.org\/wp-content\/uploads\/2021\/05\/Logo-color.png\",\"contentUrl\":\"https:\/\/centrodelogoterapiacr.org\/wp-content\/uploads\/2021\/05\/Logo-color.png\",\"width\":1080,\"height\":458,\"caption\":\"Centro Costarricense de Logoterapia\"},\"image\":{\"@id\":\"https:\/\/centrodelogoterapiacr.org\/#\/schema\/logo\/image\/\"}}]}<\/script>\n<!-- \/ Yoast SEO plugin. -->","yoast_head_json":{"title":"TALLER: TODOS PERDEMOS CON LAS ADICCIONES","robots":{"index":"index","follow":"follow","max-snippet":"max-snippet:-1","max-image-preview":"max-image-preview:large","max-video-preview":"max-video-preview:-1"},"canonical":"https:\/\/centrodelogoterapiacr.org\/en\/taller-todos-perdemos-con-las-adicciones\/","og_locale":"en_US","og_type":"article","og_title":"TALLER: TODOS PERDEMOS CON LAS ADICCIONES","og_description":"TALLER: TODOS PERDEMOS CON LAS ADICCIONES Formulario de inscripci\u00f3n Transformemos el dolor en el sentido necesario para construir un nuevo comienzo Modalidad: Taller online (en vivo)Fecha: s\u00e1bado 21 de febreroHora: [&hellip;]","og_url":"https:\/\/centrodelogoterapiacr.org\/en\/taller-todos-perdemos-con-las-adicciones\/","og_site_name":"Centro Costarricense de Logoterapia","article_modified_time":"2026-01-16T04:45:27+00:00","og_image":[{"url":"https:\/\/centrodelogoterapiacr.org\/wp-content\/uploads\/2026\/01\/Taller-768x1024.jpeg","type":"","width":"","height":""}],"twitter_card":"summary_large_image","twitter_misc":{"Est. reading time":"2 minutes"},"schema":{"@context":"https:\/\/schema.org","@graph":[{"@type":"WebPage","@id":"https:\/\/centrodelogoterapiacr.org\/taller-todos-perdemos-con-las-adicciones\/","url":"https:\/\/centrodelogoterapiacr.org\/taller-todos-perdemos-con-las-adicciones\/","name":"TALLER: TODOS PERDEMOS CON LAS ADICCIONES","isPartOf":{"@id":"https:\/\/centrodelogoterapiacr.org\/#website"},"primaryImageOfPage":{"@id":"https:\/\/centrodelogoterapiacr.org\/taller-todos-perdemos-con-las-adicciones\/#primaryimage"},"image":{"@id":"https:\/\/centrodelogoterapiacr.org\/taller-todos-perdemos-con-las-adicciones\/#primaryimage"},"thumbnailUrl":"https:\/\/centrodelogoterapiacr.org\/wp-content\/uploads\/2026\/01\/Taller-768x1024.jpeg","datePublished":"2026-01-16T04:33:19+00:00","dateModified":"2026-01-16T04:45:27+00:00","breadcrumb":{"@id":"https:\/\/centrodelogoterapiacr.org\/taller-todos-perdemos-con-las-adicciones\/#breadcrumb"},"inLanguage":"en-US","potentialAction":[{"@type":"ReadAction","target":["https:\/\/centrodelogoterapiacr.org\/taller-todos-perdemos-con-las-adicciones\/"]}]},{"@type":"ImageObject","inLanguage":"en-US","@id":"https:\/\/centrodelogoterapiacr.org\/taller-todos-perdemos-con-las-adicciones\/#primaryimage","url":"https:\/\/centrodelogoterapiacr.org\/wp-content\/uploads\/2026\/01\/Taller-768x1024.jpeg","contentUrl":"https:\/\/centrodelogoterapiacr.org\/wp-content\/uploads\/2026\/01\/Taller-768x1024.jpeg"},{"@type":"BreadcrumbList","@id":"https:\/\/centrodelogoterapiacr.org\/taller-todos-perdemos-con-las-adicciones\/#breadcrumb","itemListElement":[{"@type":"ListItem","position":1,"name":"Portada","item":"https:\/\/centrodelogoterapiacr.org\/"},{"@type":"ListItem","position":2,"name":"TALLER: TODOS PERDEMOS CON LAS ADICCIONES"}]},{"@type":"WebSite","@id":"https:\/\/centrodelogoterapiacr.org\/#website","url":"https:\/\/centrodelogoterapiacr.org\/","name":"Centro Costarricense de Logoterapia","description":"","publisher":{"@id":"https:\/\/centrodelogoterapiacr.org\/#organization"},"potentialAction":[{"@type":"SearchAction","target":{"@type":"EntryPoint","urlTemplate":"https:\/\/centrodelogoterapiacr.org\/?s={search_term_string}"},"query-input":{"@type":"PropertyValueSpecification","valueRequired":true,"valueName":"search_term_string"}}],"inLanguage":"en-US"},{"@type":"Organization","@id":"https:\/\/centrodelogoterapiacr.org\/#organization","name":"Centro Costarricense de Logoterapia","url":"https:\/\/centrodelogoterapiacr.org\/","logo":{"@type":"ImageObject","inLanguage":"en-US","@id":"https:\/\/centrodelogoterapiacr.org\/#\/schema\/logo\/image\/","url":"https:\/\/centrodelogoterapiacr.org\/wp-content\/uploads\/2021\/05\/Logo-color.png","contentUrl":"https:\/\/centrodelogoterapiacr.org\/wp-content\/uploads\/2021\/05\/Logo-color.png","width":1080,"height":458,"caption":"Centro Costarricense de Logoterapia"},"image":{"@id":"https:\/\/centrodelogoterapiacr.org\/#\/schema\/logo\/image\/"}}]}},"_links":{"self":[{"href":"https:\/\/centrodelogoterapiacr.org\/en\/wp-json\/wp\/v2\/pages\/31590","targetHints":{"allow":["GET"]}}],"collection":[{"href":"https:\/\/centrodelogoterapiacr.org\/en\/wp-json\/wp\/v2\/pages"}],"about":[{"href":"https:\/\/centrodelogoterapiacr.org\/en\/wp-json\/wp\/v2\/types\/page"}],"author":[{"embeddable":true,"href":"https:\/\/centrodelogoterapiacr.org\/en\/wp-json\/wp\/v2\/users\/1"}],"replies":[{"embeddable":true,"href":"https:\/\/centrodelogoterapiacr.org\/en\/wp-json\/wp\/v2\/comments?post=31590"}],"version-history":[{"count":5,"href":"https:\/\/centrodelogoterapiacr.org\/en\/wp-json\/wp\/v2\/pages\/31590\/revisions"}],"predecessor-version":[{"id":31600,"href":"https:\/\/centrodelogoterapiacr.org\/en\/wp-json\/wp\/v2\/pages\/31590\/revisions\/31600"}],"wp:attachment":[{"href":"https:\/\/centrodelogoterapiacr.org\/en\/wp-json\/wp\/v2\/media?parent=31590"}],"curies":[{"name":"wp","href":"https:\/\/api.w.org\/{rel}","templated":true}]}}